{"id":2861,"date":"2020-09-13T21:26:09","date_gmt":"2020-09-13T18:26:09","guid":{"rendered":"https:\/\/www.urkerchiller.com\/?page_id=2861"},"modified":"2021-03-12T00:02:55","modified_gmt":"2021-03-11T21:02:55","slug":"klima-sistemleri-urker-chiller","status":"publish","type":"page","link":"https:\/\/www.urkerchiller.com\/en\/klima-sistemleri-urker-chiller\/","title":{"rendered":"Air Conditioning Systems"},"content":{"rendered":"<div class=\"wpb-content-wrapper\"><p>[vc_row wrap_container=&#8221;yes&#8221; is_section=&#8221;yes&#8221; remove_margin_top=&#8221;yes&#8221; remove_border=&#8221;yes&#8221; el_class=&#8221;ourservices&#8221; css=&#8221;.vc_custom_1600012017629{padding-top: 1px !important;background-color: #ffffff !important;}&#8221;][vc_column][vc_row_inner][vc_column_inner width=&#8221;1\/3&#8243; animation_delay=&#8221;300&#8243; animation_type=&#8221;fadeInUp&#8221;]<div class=\"porto-ultimate-content-box-container home-projects\"><style>.porto_ucb_21b6bf01188be9ba0119a2cb5c097588{will-change: box-shadow;box-shadow: none;}.porto_ucb_21b6bf01188be9ba0119a2cb5c097588:hover{box-shadow:none}<\/style><a aria-label=\"Anchor of Ultimate Content Box Container\" class=\"porto-ultimate-content-box-anchor\" href=\"https:\/\/www.urkerchiller.com\/havaalanlari-istasyonlar-urker-chiller-klima-sistemleri\/\" title='Havaalanlar\u0131 ve \u0130stasyonlar'  ><div class=\"porto-ultimate-content-box porto_ucb_21b6bf01188be9ba0119a2cb5c097588\" style=\"border:5px solid #ededed;\">[vc_single_image image=&#8221;2862&#8243; img_size=&#8221;full&#8221; alignment=&#8221;center&#8221; style=&#8221;vc_box_border_circle_2&#8243;][vc_custom_heading text=&#8221;Airports and Stations&#8221; font_container=&#8221;tag:h2|font_size:21|text_align:center|color:%23000000|line_height:24px&#8221; use_theme_fonts=&#8221;yes&#8221; font_weight=&#8221;700&#8243; el_class=&#8221;ls-0 mb-3&#8243;][vc_custom_heading text=&#8221;Every year millions of passengers travel airports and stations all over the world. This buildings need a strong air conditioning system able to ensure an high comfort&#8230;&#8221; font_container=&#8221;tag:p|text_align:center|color:%23777777&#8243; use_theme_fonts=&#8221;yes&#8221; font_weight=&#8221;300&#8243; el_class=&#8221;mb-0&#8243;]<\/div><\/a><\/div>[\/vc_column_inner][vc_column_inner width=&#8221;1\/3&#8243; animation_delay=&#8221;500&#8243; animation_type=&#8221;fadeInUp&#8221;]<div class=\"porto-ultimate-content-box-container home-projects\"><style>.porto_ucb_21b6bf01188be9ba0119a2cb5c097588{will-change: box-shadow;box-shadow: none;}.porto_ucb_21b6bf01188be9ba0119a2cb5c097588:hover{box-shadow:none}<\/style><a aria-label=\"Anchor of Ultimate Content Box Container\" class=\"porto-ultimate-content-box-anchor\" href=\"https:\/\/www.urkerchiller.com\/sinema-tiyatro-ve-muzeler\/\" title='Sinema Tiyatro ve M\u00fczeler'  ><div class=\"porto-ultimate-content-box porto_ucb_21b6bf01188be9ba0119a2cb5c097588\" style=\"border:5px solid #ededed;\">[vc_single_image image=&#8221;2863&#8243; img_size=&#8221;full&#8221; alignment=&#8221;center&#8221; style=&#8221;vc_box_border_circle_2&#8243;][vc_custom_heading text=&#8221;Cinemas, Theaters and Museums&#8221; font_container=&#8221;tag:h2|font_size:21|text_align:center|color:%23000000|line_height:24px&#8221; use_theme_fonts=&#8221;yes&#8221; font_weight=&#8221;700&#8243; el_class=&#8221;ls-0 mb-3&#8243;][vc_custom_heading text=&#8221;The precise control of thermo-hygrometric parameters needed to create the perfect atmosphere is a difficult job that requires experience and reliability&#8230;.&#8221; font_container=&#8221;tag:p|text_align:center|color:%23777777&#8243; use_theme_fonts=&#8221;yes&#8221; font_weight=&#8221;300&#8243; el_class=&#8221;mb-0&#8243;]<\/div><\/a><\/div>[\/vc_column_inner][vc_column_inner width=&#8221;1\/3&#8243; animation_delay=&#8221;700&#8243; animation_type=&#8221;fadeInUp&#8221;]<div class=\"porto-ultimate-content-box-container home-projects\"><style>.porto_ucb_21b6bf01188be9ba0119a2cb5c097588{will-change: box-shadow;box-shadow: none;}.porto_ucb_21b6bf01188be9ba0119a2cb5c097588:hover{box-shadow:none}<\/style><a aria-label=\"Anchor of Ultimate Content Box Container\" class=\"porto-ultimate-content-box-anchor\" href=\"https:\/\/www.urkerchiller.com\/veri-merkezleri\/\" title='Veri Merkezleri'  ><div class=\"porto-ultimate-content-box porto_ucb_21b6bf01188be9ba0119a2cb5c097588\" style=\"border:5px solid #ededed;\">[vc_single_image image=&#8221;2864&#8243; img_size=&#8221;full&#8221; alignment=&#8221;center&#8221; style=&#8221;vc_box_border_circle_2&#8243;][vc_custom_heading text=&#8221;Data Centers&#8221; font_container=&#8221;tag:h2|font_size:21|text_align:center|color:%23000000|line_height:24px&#8221; use_theme_fonts=&#8221;yes&#8221; font_weight=&#8221;700&#8243; el_class=&#8221;ls-0 mb-3&#8243;][vc_custom_heading text=&#8221;The limited budget and high costs of electricity force IT operators to seek more efficient solutions and at the same time able to ensure a high reliability&#8230;.&#8221; font_container=&#8221;tag:p|text_align:center|color:%23777777&#8243; use_theme_fonts=&#8221;yes&#8221; font_weight=&#8221;300&#8243; el_class=&#8221;mb-0&#8243;]<\/div><\/a><\/div>[\/vc_column_inner][\/vc_row_inner][vc_row_inner][vc_column_inner width=&#8221;1\/3&#8243; animation_delay=&#8221;300&#8243; animation_type=&#8221;fadeInUp&#8221;]<div class=\"porto-ultimate-content-box-container home-projects\"><style>.porto_ucb_21b6bf01188be9ba0119a2cb5c097588{will-change: box-shadow;box-shadow: none;}.porto_ucb_21b6bf01188be9ba0119a2cb5c097588:hover{box-shadow:none}<\/style><a aria-label=\"Anchor of Ultimate Content Box Container\" class=\"porto-ultimate-content-box-anchor\" href=\"https:\/\/www.urkerchiller.com\/fuar-alanlari\/\" title='Fuar Alanlar\u0131'  ><div class=\"porto-ultimate-content-box porto_ucb_21b6bf01188be9ba0119a2cb5c097588\" style=\"border:5px solid #ededed;\">[vc_single_image image=&#8221;2865&#8243; img_size=&#8221;full&#8221; alignment=&#8221;center&#8221; style=&#8221;vc_box_border_circle_2&#8243;][vc_custom_heading text=&#8221;Trade Areas&#8221; font_container=&#8221;tag:h2|font_size:21|text_align:center|color:%23000000|line_height:24px&#8221; use_theme_fonts=&#8221;yes&#8221; font_weight=&#8221;700&#8243; el_class=&#8221;ls-0 mb-3&#8243;][vc_custom_heading text=&#8221;\u00dcrker Chiller offers solutions characterized by high versatility and reliability, they are suitable for big buildings, such as fair centers. All products are designed for&#8230;&#8221; font_container=&#8221;tag:p|text_align:center|color:%23777777&#8243; use_theme_fonts=&#8221;yes&#8221; font_weight=&#8221;300&#8243; el_class=&#8221;mb-0&#8243;]<\/div><\/a><\/div>[\/vc_column_inner][vc_column_inner width=&#8221;1\/3&#8243; animation_delay=&#8221;500&#8243; animation_type=&#8221;fadeInUp&#8221;]<div class=\"porto-ultimate-content-box-container home-projects\"><style>.porto_ucb_21b6bf01188be9ba0119a2cb5c097588{will-change: box-shadow;box-shadow: none;}.porto_ucb_21b6bf01188be9ba0119a2cb5c097588:hover{box-shadow:none}<\/style><a aria-label=\"Anchor of Ultimate Content Box Container\" class=\"porto-ultimate-content-box-anchor\" href=\"https:\/\/www.urkerchiller.com\/hastaneler\/\" title='Hastaneler'  ><div class=\"porto-ultimate-content-box porto_ucb_21b6bf01188be9ba0119a2cb5c097588\" style=\"border:5px solid #ededed;\">[vc_single_image image=&#8221;2866&#8243; img_size=&#8221;full&#8221; alignment=&#8221;center&#8221; style=&#8221;vc_box_border_circle_2&#8243;][vc_custom_heading text=&#8221;Hospitals&#8221; font_container=&#8221;tag:h2|font_size:21|text_align:center|color:%23000000|line_height:24px&#8221; use_theme_fonts=&#8221;yes&#8221; font_weight=&#8221;700&#8243; skin=&#8221;dark&#8221; el_class=&#8221;ls-0 mb-3&#8243;][vc_custom_heading text=&#8221;Considering the special needs of environmental comfort in hospitals, air conditioning systems must meet specific technical and functional requirements, including ..&#8221; font_container=&#8221;tag:p|text_align:center|color:%23777777&#8243; use_theme_fonts=&#8221;yes&#8221; font_weight=&#8221;300&#8243; el_class=&#8221;mb-0&#8243;]<\/div><\/a><\/div>[\/vc_column_inner][vc_column_inner width=&#8221;1\/3&#8243; animation_delay=&#8221;700&#8243; animation_type=&#8221;fadeInUp&#8221;]<div class=\"porto-ultimate-content-box-container home-projects\"><style>.porto_ucb_21b6bf01188be9ba0119a2cb5c097588{will-change: box-shadow;box-shadow: none;}.porto_ucb_21b6bf01188be9ba0119a2cb5c097588:hover{box-shadow:none}<\/style><a aria-label=\"Anchor of Ultimate Content Box Container\" class=\"porto-ultimate-content-box-anchor\" href=\"https:\/\/www.urkerchiller.com\/otel-ve-restoran-klima-sistemleri-urker-chiller\/\" title='Otel ve Restoranlar'  ><div class=\"porto-ultimate-content-box porto_ucb_21b6bf01188be9ba0119a2cb5c097588\" style=\"border:5px solid #ededed;\">[vc_single_image image=&#8221;2867&#8243; img_size=&#8221;full&#8221; alignment=&#8221;center&#8221; style=&#8221;vc_box_border_circle_2&#8243;][vc_custom_heading text=&#8221;Hotels and Restaurants&#8221; font_container=&#8221;tag:h2|font_size:21|text_align:center|color:%23000000|line_height:24px&#8221; use_theme_fonts=&#8221;yes&#8221; font_weight=&#8221;700&#8243; el_class=&#8221;ls-0 mb-3&#8243;][vc_custom_heading text=&#8221;The comfort of our guests is a key element during their stay, or during a dinner, and to ensure a high degree of environmental well-being should be the main targets&#8230;&#8221; font_container=&#8221;tag:p|text_align:center|color:%23777777&#8243; use_theme_fonts=&#8221;yes&#8221; font_weight=&#8221;300&#8243; el_class=&#8221;mb-0&#8243;]<\/div><\/a><\/div>[\/vc_column_inner][\/vc_row_inner][vc_row_inner][vc_column_inner width=&#8221;1\/3&#8243; animation_delay=&#8221;300&#8243; animation_type=&#8221;fadeInUp&#8221;]<div class=\"porto-ultimate-content-box-container home-projects\"><style>.porto_ucb_21b6bf01188be9ba0119a2cb5c097588{will-change: box-shadow;box-shadow: none;}.porto_ucb_21b6bf01188be9ba0119a2cb5c097588:hover{box-shadow:none}<\/style><a aria-label=\"Anchor of Ultimate Content Box Container\" class=\"porto-ultimate-content-box-anchor\" href=\"https:\/\/www.urkerchiller.com\/eglence-ve-spor-merkezleri\/\" title='E\u011flence ve Spor Merkezleri'  ><div class=\"porto-ultimate-content-box porto_ucb_21b6bf01188be9ba0119a2cb5c097588\" style=\"border:5px solid #ededed;\">[vc_single_image image=&#8221;2868&#8243; img_size=&#8221;full&#8221; alignment=&#8221;center&#8221; style=&#8221;vc_box_border_circle_2&#8243;][vc_custom_heading text=&#8221;Leisure and Sport Centers&#8221; font_container=&#8221;tag:h2|font_size:21|text_align:center|color:%23000000|line_height:24px&#8221; use_theme_fonts=&#8221;yes&#8221; font_weight=&#8221;700&#8243; el_class=&#8221;ls-0 mb-3&#8243;][vc_custom_heading text=&#8221;Create a comfortable environment for sport and leisure time is a difficult job, that requires precise control of thermo-hygrometric parameters to ensure guests an high and &#8230;.&#8221; font_container=&#8221;tag:p|text_align:center|color:%23777777&#8243; use_theme_fonts=&#8221;yes&#8221; font_weight=&#8221;300&#8243; el_class=&#8221;mb-0&#8243;]<\/div><\/a><\/div>[\/vc_column_inner][vc_column_inner width=&#8221;1\/3&#8243; animation_delay=&#8221;500&#8243; animation_type=&#8221;fadeInUp&#8221;]<div class=\"porto-ultimate-content-box-container home-projects\"><style>.porto_ucb_21b6bf01188be9ba0119a2cb5c097588{will-change: box-shadow;box-shadow: none;}.porto_ucb_21b6bf01188be9ba0119a2cb5c097588:hover{box-shadow:none}<\/style><a aria-label=\"Anchor of Ultimate Content Box Container\" class=\"porto-ultimate-content-box-anchor\" href=\"https:\/\/www.urkerchiller.com\/ofis-klima-sistemleri-urker-chiller\/\" title='Ofisler'  ><div class=\"porto-ultimate-content-box porto_ucb_21b6bf01188be9ba0119a2cb5c097588\" style=\"border:5px solid #ededed;\">[vc_single_image image=&#8221;2869&#8243; img_size=&#8221;full&#8221; alignment=&#8221;center&#8221; style=&#8221;vc_box_border_circle_2&#8243;][vc_custom_heading text=&#8221;Offices&#8221; font_container=&#8221;tag:h2|font_size:21|text_align:center|color:%23000000|line_height:24px&#8221; use_theme_fonts=&#8221;yes&#8221; font_weight=&#8221;700&#8243; skin=&#8221;dark&#8221; el_class=&#8221;ls-0 mb-3&#8243;][vc_custom_heading text=&#8221;Maximum efficiency and operation of human resources in a working environment today becomes indispensable&#8230;.&#8221; font_container=&#8221;tag:p|text_align:center|color:%23777777&#8243; use_theme_fonts=&#8221;yes&#8221; font_weight=&#8221;300&#8243; el_class=&#8221;mb-0&#8243;]<\/div><\/a><\/div>[\/vc_column_inner][vc_column_inner width=&#8221;1\/3&#8243; animation_delay=&#8221;700&#8243; animation_type=&#8221;fadeInUp&#8221;]<div class=\"porto-ultimate-content-box-container home-projects\"><style>.porto_ucb_21b6bf01188be9ba0119a2cb5c097588{will-change: box-shadow;box-shadow: none;}.porto_ucb_21b6bf01188be9ba0119a2cb5c097588:hover{box-shadow:none}<\/style><a aria-label=\"Anchor of Ultimate Content Box Container\" class=\"porto-ultimate-content-box-anchor\" href=\"https:\/\/www.urkerchiller.com\/kamu-binalari-ve-okullar\/\" title='Kamu Binalar\u0131 ve Okullar'  ><div class=\"porto-ultimate-content-box porto_ucb_21b6bf01188be9ba0119a2cb5c097588\" style=\"border:5px solid #ededed;\">[vc_single_image image=&#8221;2870&#8243; img_size=&#8221;full&#8221; alignment=&#8221;center&#8221; style=&#8221;vc_box_border_circle_2&#8243;][vc_custom_heading text=&#8221;Public Buildings and Schools&#8221; font_container=&#8221;tag:h2|font_size:21|text_align:center|color:%23000000|line_height:24px&#8221; use_theme_fonts=&#8221;yes&#8221; font_weight=&#8221;700&#8243; el_class=&#8221;ls-0 mb-3&#8243;][vc_custom_heading text=&#8221;\u00dcrker Chiller offers solutions characterized by high versatility and reliability, they are suitable for all types of public buildings, such as schools, universities, government agencies&#8230;&#8221; font_container=&#8221;tag:p|text_align:center|color:%23777777&#8243; use_theme_fonts=&#8221;yes&#8221; font_weight=&#8221;300&#8243; el_class=&#8221;mb-0&#8243;]<\/div><\/a><\/div>[\/vc_column_inner][\/vc_row_inner][vc_row_inner][vc_column_inner width=&#8221;1\/3&#8243; animation_delay=&#8221;300&#8243; animation_type=&#8221;fadeInUp&#8221;]<div class=\"porto-ultimate-content-box-container home-projects\"><style>.porto_ucb_21b6bf01188be9ba0119a2cb5c097588{will-change: box-shadow;box-shadow: none;}.porto_ucb_21b6bf01188be9ba0119a2cb5c097588:hover{box-shadow:none}<\/style><a aria-label=\"Anchor of Ultimate Content Box Container\" class=\"porto-ultimate-content-box-anchor\" href=\"https:\/\/www.urkerchiller.com\/yerlesim-yeri\/\" title='Yerle\u015fim Yeri'  ><div class=\"porto-ultimate-content-box porto_ucb_21b6bf01188be9ba0119a2cb5c097588\" style=\"border:5px solid #ededed;\">[vc_single_image image=&#8221;2871&#8243; img_size=&#8221;full&#8221; alignment=&#8221;center&#8221; style=&#8221;vc_box_border_circle_2&#8243;][vc_custom_heading text=&#8221;Residential&#8221; font_container=&#8221;tag:h2|font_size:21|text_align:center|color:%23000000|line_height:24px&#8221; use_theme_fonts=&#8221;yes&#8221; font_weight=&#8221;700&#8243; el_class=&#8221;ls-0 mb-3&#8243;][vc_custom_heading text=&#8221;Today the focus on the family budget is increasingly, with the constantly rising cost of energy, as well as respect for the environment&#8230;&#8221; font_container=&#8221;tag:p|text_align:center|color:%23777777&#8243; use_theme_fonts=&#8221;yes&#8221; font_weight=&#8221;300&#8243; el_class=&#8221;mb-0&#8243;]<\/div><\/a><\/div>[\/vc_column_inner][vc_column_inner width=&#8221;1\/3&#8243; animation_delay=&#8221;500&#8243; animation_type=&#8221;fadeInUp&#8221;]<div class=\"porto-ultimate-content-box-container home-projects\"><style>.porto_ucb_21b6bf01188be9ba0119a2cb5c097588{will-change: box-shadow;box-shadow: none;}.porto_ucb_21b6bf01188be9ba0119a2cb5c097588:hover{box-shadow:none}<\/style><a aria-label=\"Anchor of Ultimate Content Box Container\" class=\"porto-ultimate-content-box-anchor\" href=\"https:\/\/www.urkerchiller.com\/alisveris-merkezi\/\" title='Al\u0131\u015fveri\u015f Merkezi'  ><div class=\"porto-ultimate-content-box porto_ucb_21b6bf01188be9ba0119a2cb5c097588\" style=\"border:5px solid #ededed;\">[vc_single_image image=&#8221;2872&#8243; img_size=&#8221;full&#8221; alignment=&#8221;center&#8221; style=&#8221;vc_box_border_circle_2&#8243;][vc_custom_heading text=&#8221;Shopping Center&#8221; font_container=&#8221;tag:h2|font_size:21|text_align:center|color:%23000000|line_height:24px&#8221; use_theme_fonts=&#8221;yes&#8221; font_weight=&#8221;700&#8243; skin=&#8221;dark&#8221; el_class=&#8221;ls-0 mb-3&#8243;][vc_custom_heading text=&#8221;Today\u2019s consumers want to spend their time dedicated to shopping in a comfortable enviroment and this kind of atmosphere not only brings people into&#8230;&#8221; font_container=&#8221;tag:p|text_align:center|color:%23777777&#8243; use_theme_fonts=&#8221;yes&#8221; font_weight=&#8221;300&#8243; el_class=&#8221;mb-0&#8243;]<\/div><\/a><\/div>[\/vc_column_inner][\/vc_row_inner][\/vc_column][\/vc_row]<\/p>\n<\/div>","protected":false},"excerpt":{"rendered":"<p>[vc_row wrap_container=&#8221;yes&#8221; is_section=&#8221;yes&#8221; remove_margin_top=&#8221;yes&#8221; remove_border=&#8221;yes&#8221; el_class=&#8221;ourservices&#8221; css=&#8221;.vc_custom_1600012017629{padding-top: 1px !important;background-color: #ffffff !important;}&#8221;][vc_column][vc_row_inner][vc_column_inner width=&#8221;1\/3&#8243; animation_delay=&#8221;300&#8243; animation_type=&#8221;fadeInUp&#8221;][\/vc_column_inner][vc_column_inner width=&#8221;1\/3&#8243; animation_delay=&#8221;500&#8243; animation_type=&#8221;fadeInUp&#8221;][\/vc_column_inner][vc_column_inner width=&#8221;1\/3&#8243; animation_delay=&#8221;700&#8243; animation_type=&#8221;fadeInUp&#8221;][\/vc_column_inner][\/vc_row_inner][vc_row_inner][vc_column_inner width=&#8221;1\/3&#8243; animation_delay=&#8221;300&#8243; animation_type=&#8221;fadeInUp&#8221;][\/vc_column_inner][vc_column_inner width=&#8221;1\/3&#8243; animation_delay=&#8221;500&#8243; animation_type=&#8221;fadeInUp&#8221;][\/vc_column_inner][vc_column_inner width=&#8221;1\/3&#8243; animation_delay=&#8221;700&#8243; animation_type=&#8221;fadeInUp&#8221;][\/vc_column_inner][\/vc_row_inner][vc_row_inner][vc_column_inner width=&#8221;1\/3&#8243; animation_delay=&#8221;300&#8243; animation_type=&#8221;fadeInUp&#8221;][\/vc_column_inner][vc_column_inner width=&#8221;1\/3&#8243; animation_delay=&#8221;500&#8243; animation_type=&#8221;fadeInUp&#8221;][\/vc_column_inner][vc_column_inner width=&#8221;1\/3&#8243; animation_delay=&#8221;700&#8243; animation_type=&#8221;fadeInUp&#8221;][\/vc_column_inner][\/vc_row_inner][vc_row_inner][vc_column_inner width=&#8221;1\/3&#8243; animation_delay=&#8221;300&#8243; animation_type=&#8221;fadeInUp&#8221;][\/vc_column_inner][vc_column_inner width=&#8221;1\/3&#8243; animation_delay=&#8221;500&#8243; animation_type=&#8221;fadeInUp&#8221;][\/vc_column_inner][\/vc_row_inner][\/vc_column][\/vc_row]<\/p>\n","protected":false},"author":1,"featured_media":0,"parent":0,"menu_order":0,"comment_status":"closed","ping_status":"closed","template":"","meta":{"footnotes":""},"class_list":["post-2861","page","type-page","status-publish","hentry"],"aioseo_notices":[],"_links":{"self":[{"href":"https:\/\/www.urkerchiller.com\/en\/wp-json\/wp\/v2\/pages\/2861","targetHints":{"allow":["GET"]}}],"collection":[{"href":"https:\/\/www.urkerchiller.com\/en\/wp-json\/wp\/v2\/pages"}],"about":[{"href":"https:\/\/www.urkerchiller.com\/en\/wp-json\/wp\/v2\/types\/page"}],"author":[{"embeddable":true,"href":"https:\/\/www.urkerchiller.com\/en\/wp-json\/wp\/v2\/users\/1"}],"replies":[{"embeddable":true,"href":"https:\/\/www.urkerchiller.com\/en\/wp-json\/wp\/v2\/comments?post=2861"}],"version-history":[{"count":0,"href":"https:\/\/www.urkerchiller.com\/en\/wp-json\/wp\/v2\/pages\/2861\/revisions"}],"wp:attachment":[{"href":"https:\/\/www.urkerchiller.com\/en\/wp-json\/wp\/v2\/media?parent=2861"}],"curies":[{"name":"wp","href":"https:\/\/api.w.org\/{rel}","templated":true}]}}