{"id":55,"date":"2016-06-13T15:48:45","date_gmt":"2016-06-13T12:48:45","guid":{"rendered":"http:\/\/sw-themes.com\/porto_dummy\/?page_id=55"},"modified":"2021-03-12T18:27:04","modified_gmt":"2021-03-12T15:27:04","slug":"urker-chiller-hakkimizda","status":"publish","type":"page","link":"https:\/\/www.urkerchiller.com\/en\/urker-chiller-hakkimizda\/","title":{"rendered":"About Us"},"content":{"rendered":"<div class=\"wpb-content-wrapper\"><p><\/p>\n<p>[vc_row wrap_container=&#8221;yes&#8221; is_section=&#8221;yes&#8221; remove_margin_top=&#8221;yes&#8221; remove_margin_bottom=&#8221;yes&#8221; remove_border=&#8221;yes&#8221; el_class=&#8221;p-t-xxl row-align-items-center&#8221; css=&#8221;.vc_custom_1599479201965{background-color: #f4f4f4 !important;}&#8221;][vc_column width=&#8221;1\/2&#8243; offset=&#8221;vc_col-md-offset-2 vc_col-md-4 vc_col-sm-offset-4&#8243; el_class=&#8221;col-sm-8 offset-sm-5 mt-sm-5 pt-sm-5&#8243;][vc_single_image image=&#8221;2568&#8243; img_size=&#8221;full&#8221; style=&#8221;vc_box_border&#8221; animation_delay=&#8221;300&#8243; css_animation=&#8221;none&#8221; el_class=&#8221;position-absolute d-none d-sm-block&#8221; css=&#8221;.vc_custom_1599482590057{margin-top: 10% !important;margin-left: -54% !important;}&#8221; animation_type=&#8221;zoomIn&#8221;][vc_single_image image=&#8221;3083&#8243; img_size=&#8221;full&#8221; style=&#8221;vc_box_border&#8221; animation_delay=&#8221;100&#8243; el_class=&#8221;position-absolute d-none d-sm-block&#8221; css=&#8221;.vc_custom_1600094664364{margin-top: -26% !important;margin-left: -33% !important;}&#8221; animation_type=&#8221;zoomIn&#8221;][vc_single_image image=&#8221;3082&#8243; img_size=&#8221;full&#8221; style=&#8221;vc_box_border&#8221; animation_delay=&#8221;600&#8243; el_class=&#8221;position-relative mb-0&#8243; animation_type=&#8221;zoomIn&#8221; label=&#8221;&#8221;][\/vc_column][vc_column offset=&#8221;vc_col-md-6&#8243; el_class=&#8221;pr-lg-5 mb-sm-5 mb-lg-0&#8243; css=&#8221;.vc_custom_1600852235906{margin-top: 25px !important;}&#8221;][vc_custom_heading text=&#8221;\u00dcrker Chiller&#8221; font_container=&#8221;tag:h2|text_align:left|color:%231d2127&#8243; use_theme_fonts=&#8221;yes&#8221; css=&#8221;.vc_custom_1600691377149{margin-bottom: 0px !important;}&#8221;][vc_column_text el_class=&#8221;text-color-dark m-b-md&#8221;]<span style=\"font-size: 20px;\">Company Profile<br \/>\n<\/span>[\/vc_column_text][vc_column_text]<\/p>\n<p class=\"lead\">Kemal \u00dcrker So\u011futma Cihazlar\u0131 San. Tic. Ltd. \u015eti. (Cooling Appliances Industry Commerce LLC.), established in 1981, is engaged in manufacturing, assembling, servicing and contracting regarding the cooling. The company continues manufacturing with its experiences for more than 35 years, knowledge and know-how and increasing manufacturing capacity.<\/p>\n<p>Our company, embracing each work done as a reference and prioritizing customer satisfaction and product quality has been closely following the technological improvements and performs required studies to infuse the <a title=\"Kalite\" href=\"https:\/\/www.urkerchiller.com\/urker-chiller-kalite-politikasi\/\">quality<\/a> awareness into entire employees.<\/p>\n<p>\u00dcrker, the well-known company in demand, which provides \u2018customer satisfaction\u2019 with its products and services offered domestically and on abroad, is in possession of EN ISO 9001: 2015 and <a title=\"Sertifikalar\" href=\"https:\/\/www.urkerchiller.com\/sertifika-ve-belgelerimiz-urker-chiller\/\">CE<\/a> certifications.[\/vc_column_text][\/vc_column][\/vc_row][vc_row equal_height=&#8221;yes&#8221; content_placement=&#8221;middle&#8221; el_class=&#8221;p-0&#8243;][vc_column offset=&#8221;vc_col-lg-6 vc_col-md-6&#8243; el_class=&#8221;custom-parallax-height&#8221;][vc_single_image image=&#8221;3084&#8243; img_size=&#8221;full&#8221; alignment=&#8221;center&#8221;][\/vc_column][vc_column css=&#8221;.vc_custom_1599479213486{padding-top: 50px !important;padding-bottom: 40px !important;background-color: #ffffff !important;}&#8221; offset=&#8221;vc_col-lg-6 vc_col-md-6&#8243;]<div class=\"porto-container container col-half-section col-half-section-left \">[vc_custom_heading text=&#8221;\u00dcrker Chiller&#8221; font_container=&#8221;tag:h2|text_align:left|color:%231d2127&#8243; use_theme_fonts=&#8221;yes&#8221; css=&#8221;.vc_custom_1600691377149{margin-bottom: 0px !important;}&#8221;][vc_column_text el_class=&#8221;text-color-dark m-b-md&#8221;]<span style=\"font-size: 20px;\">Our Mission<\/span>[\/vc_column_text][vc_column_text css=&#8221;.vc_custom_1601042728382{margin-bottom: 40px !important;}&#8221;]<\/p>\n<div class=\"mask overflow-hidden mb-4\">\n<p class=\"lead\">Our vision is to bring our group standard on the same level with the international standards in our business segment within the corporate structure without compromising quality and service.<\/p>\n<p class=\"mb-0\">Proceeding on our way with a comprehension, which brings service satisfaction and permanence in manufacturing into prominence. We defend the idea that attaching sufficient importance to human resources and R&amp;D accordingly is the prior condition for ensuring service satisfaction and persistent supremacy in manufacturing.<\/p>\n<p class=\"mb-0\">Our vision is to manufacture quality instead of following the quality by smart utilization of technology and conception of modern architecture. Enhancing the life qualities of people is among our principles.<\/p>\n<\/div>\n<p>[\/vc_column_text]<\/div>[\/vc_column][\/vc_row][vc_row equal_height=&#8221;yes&#8221; content_placement=&#8221;middle&#8221; el_class=&#8221;custom-sm-flex-order p-0&#8243;][vc_column offset=&#8221;vc_col-lg-6 vc_col-md-6&#8243; css=&#8221;.vc_custom_1599474235947{padding-top: 50px !important;padding-bottom: 40px !important;background-color: #ffffff !important;}&#8221;]<div class=\"porto-container container col-half-section col-half-section-right \">[vc_custom_heading text=&#8221;\u00dcrker Chiller&#8221; font_container=&#8221;tag:h2|text_align:left|color:%231d2127&#8243; use_theme_fonts=&#8221;yes&#8221; css=&#8221;.vc_custom_1600691386819{margin-bottom: 0px !important;}&#8221;][vc_column_text el_class=&#8221;text-color-dark m-b-md align-left&#8221;]<span style=\"font-size: 20px;\">Our Mission<\/span>[\/vc_column_text][vc_column_text css=&#8221;.vc_custom_1601042814006{margin-bottom: 40px !important;}&#8221; el_class=&#8221;align-left&#8221;]<\/p>\n<div class=\"mask overflow-hidden mb-4\">\n<p class=\"lead\">Carrying on studies and works with a team consisting of technological background and accumulation, management and administrative staff in a structure with sustainable growth potential based on free market economy in service area.<\/p>\n<p class=\"mb-0\">Sustaining the works and studies performed by its fund of knowledge and experience in a timely manner without compromising quality is among the company\u2019s priorities. Insuring development social life standards without compromising from righteousness and honesty.<\/p>\n<p class=\"mb-0\">Providing support to urban transformation projects in order to prevent non-planned urbanization, which is among the most significant concerns in our country.<\/p>\n<\/div>\n<p>[\/vc_column_text]<\/div>[\/vc_column][vc_column css=&#8221;.vc_custom_1488810407309{padding-top: 15px !important;padding-bottom: 50px !important;}&#8221; offset=&#8221;vc_col-lg-6 vc_col-md-6&#8243; el_class=&#8221;custom-parallax-height&#8221;][vc_single_image image=&#8221;3084&#8243; img_size=&#8221;full&#8221; alignment=&#8221;center&#8221;][\/vc_column][\/vc_row]<\/p>\n<p><\/p>\n<\/div>","protected":false},"excerpt":{"rendered":"<p>[vc_row wrap_container=&#8221;yes&#8221; is_section=&#8221;yes&#8221; remove_margin_top=&#8221;yes&#8221; remove_margin_bottom=&#8221;yes&#8221; remove_border=&#8221;yes&#8221; el_class=&#8221;p-t-xxl row-align-items-center&#8221; css=&#8221;.vc_custom_1599479201965{background-color: #f4f4f4 !important;}&#8221;][vc_column width=&#8221;1\/2&#8243; offset=&#8221;vc_col-md-offset-2 vc_col-md-4 vc_col-sm-offset-4&#8243; el_class=&#8221;col-sm-8 offset-sm-5 mt-sm-5 pt-sm-5&#8243;][vc_single_image image=&#8221;2568&#8243; img_size=&#8221;full&#8221; style=&#8221;vc_box_border&#8221; animation_delay=&#8221;300&#8243; css_animation=&#8221;none&#8221; el_class=&#8221;position-absolute d-none d-sm-block&#8221; css=&#8221;.vc_custom_1599482590057{margin-top: 10% !important;margin-left: -54% !important;}&#8221; animation_type=&#8221;zoomIn&#8221;][vc_single_image image=&#8221;3083&#8243; img_size=&#8221;full&#8221; style=&#8221;vc_box_border&#8221; animation_delay=&#8221;100&#8243; el_class=&#8221;position-absolute d-none d-sm-block&#8221; css=&#8221;.vc_custom_1600094664364{margin-top: -26% !important;margin-left: -33% !important;}&#8221; animation_type=&#8221;zoomIn&#8221;][vc_single_image image=&#8221;3082&#8243; img_size=&#8221;full&#8221; style=&#8221;vc_box_border&#8221; animation_delay=&#8221;600&#8243; el_class=&#8221;position-relative mb-0&#8243; animation_type=&#8221;zoomIn&#8221; label=&#8221;&#8221;][\/vc_column][vc_column offset=&#8221;vc_col-md-6&#8243; [&hellip;]<\/p>\n","protected":false},"author":1,"featured_media":0,"parent":0,"menu_order":0,"comment_status":"closed","ping_status":"closed","template":"","meta":{"footnotes":""},"class_list":["post-55","page","type-page","status-publish","hentry"],"aioseo_notices":[],"_links":{"self":[{"href":"https:\/\/www.urkerchiller.com\/en\/wp-json\/wp\/v2\/pages\/55","targetHints":{"allow":["GET"]}}],"collection":[{"href":"https:\/\/www.urkerchiller.com\/en\/wp-json\/wp\/v2\/pages"}],"about":[{"href":"https:\/\/www.urkerchiller.com\/en\/wp-json\/wp\/v2\/types\/page"}],"author":[{"embeddable":true,"href":"https:\/\/www.urkerchiller.com\/en\/wp-json\/wp\/v2\/users\/1"}],"replies":[{"embeddable":true,"href":"https:\/\/www.urkerchiller.com\/en\/wp-json\/wp\/v2\/comments?post=55"}],"version-history":[{"count":0,"href":"https:\/\/www.urkerchiller.com\/en\/wp-json\/wp\/v2\/pages\/55\/revisions"}],"wp:attachment":[{"href":"https:\/\/www.urkerchiller.com\/en\/wp-json\/wp\/v2\/media?parent=55"}],"curies":[{"name":"wp","href":"https:\/\/api.w.org\/{rel}","templated":true}]}}