{"id":2861,"date":"2020-09-13T21:26:09","date_gmt":"2020-09-13T18:26:09","guid":{"rendered":"https:\/\/www.urkerchiller.com\/?page_id=2861"},"modified":"2021-03-12T00:02:55","modified_gmt":"2021-03-11T21:02:55","slug":"klima-sistemleri-urker-chiller","status":"publish","type":"page","link":"https:\/\/www.urkerchiller.com\/ru\/klima-sistemleri-urker-chiller\/","title":{"rendered":"\u0421\u0438\u0441\u0442\u0435\u043c\u044b \u043a\u043e\u043d\u0434\u0438\u0446\u0438\u043e\u043d\u0438\u0440\u043e\u0432\u0430\u043d\u0438\u044f"},"content":{"rendered":"<div class=\"wpb-content-wrapper\"><p>[vc_row wrap_container=&#187;yes&#187; is_section=&#187;yes&#187; remove_margin_top=&#187;yes&#187; remove_border=&#187;yes&#187; el_class=&#187;ourservices&#187; css=&#187;.vc_custom_1600012017629{padding-top: 1px !important;background-color: #ffffff !important;}&#187;][vc_column][vc_row_inner][vc_column_inner width=&#187;1\/3&#8243; animation_delay=&#187;300&#8243; animation_type=&#187;fadeInUp&#187;]<div class=\"porto-ultimate-content-box-container home-projects\"><style>.porto_ucb_21b6bf01188be9ba0119a2cb5c097588{will-change: box-shadow;box-shadow: none;}.porto_ucb_21b6bf01188be9ba0119a2cb5c097588:hover{box-shadow:none}<\/style><a aria-label=\"Anchor of Ultimate Content Box Container\" class=\"porto-ultimate-content-box-anchor\" href=\"https:\/\/www.urkerchiller.com\/havaalanlari-istasyonlar-urker-chiller-klima-sistemleri\/\" title='Havaalanlar\u0131 ve \u0130stasyonlar'  ><div class=\"porto-ultimate-content-box porto_ucb_21b6bf01188be9ba0119a2cb5c097588\" style=\"border:5px solid #ededed;\">[vc_single_image image=&#187;2862&#8243; img_size=&#187;full&#187; alignment=&#187;center&#187; style=&#187;vc_box_border_circle_2&#8243;][vc_custom_heading text=&#187;\u0410\u044d\u0440\u043e\u043f\u043e\u0440\u0442\u044b \u0438 \u0412\u043e\u043a\u0437\u0430\u043b\u044b&#187; font_container=&#187;tag:h2|font_size:21|text_align:center|color:%23000000|line_height:24px&#187; use_theme_fonts=&#187;yes&#187; font_weight=&#187;700&#8243; el_class=&#187;ls-0 mb-3&#8243;][vc_custom_heading text=&#187;\u041a\u0430\u0436\u0434\u044b\u0439 \u0433\u043e\u0434 \u043c\u0438\u043b\u043b\u0438\u043e\u043d\u044b \u043f\u0430\u0441\u0441\u0430\u0436\u0438\u0440\u043e\u0432 \u043f\u0443\u0442\u0435\u0448\u0435\u0441\u0442\u0432\u0443\u044e\u0442 \u0441 \u043f\u043e\u043c\u043e\u0449\u044c\u044e \u0430\u044d\u0440\u043e\u043f\u043e\u0440\u0442\u043e\u0432 \u0438 \u0432\u043e\u043a\u0437\u0430\u043b\u043e\u0432 \u043f\u043e \u0432\u0441\u0435\u043c\u0443 \u043c\u0438\u0440\u0443. \u042d\u0442\u0438 \u0441\u043e\u043e\u0440\u0443\u0436\u0435\u043d\u0438\u044f \u0434\u043e\u043b\u0436\u043d\u044b \u0438\u043c\u0435\u0442\u044c \u043c\u043e\u0449\u043d\u0443\u044e \u0441\u0438\u0441\u0442\u0435\u043c\u0443 &#8230;&#187; font_container=&#187;tag:p|text_align:center|color:%23777777&#8243; use_theme_fonts=&#187;yes&#187; font_weight=&#187;300&#8243; el_class=&#187;mb-0&#8243;]<\/div><\/a><\/div>[\/vc_column_inner][vc_column_inner width=&#187;1\/3&#8243; animation_delay=&#187;500&#8243; animation_type=&#187;fadeInUp&#187;]<div class=\"porto-ultimate-content-box-container home-projects\"><style>.porto_ucb_21b6bf01188be9ba0119a2cb5c097588{will-change: box-shadow;box-shadow: none;}.porto_ucb_21b6bf01188be9ba0119a2cb5c097588:hover{box-shadow:none}<\/style><a aria-label=\"Anchor of Ultimate Content Box Container\" class=\"porto-ultimate-content-box-anchor\" href=\"https:\/\/www.urkerchiller.com\/sinema-tiyatro-ve-muzeler\/\" title='Sinema Tiyatro ve M\u00fczeler'  ><div class=\"porto-ultimate-content-box porto_ucb_21b6bf01188be9ba0119a2cb5c097588\" style=\"border:5px solid #ededed;\">[vc_single_image image=&#187;2863&#8243; img_size=&#187;full&#187; alignment=&#187;center&#187; style=&#187;vc_box_border_circle_2&#8243;][vc_custom_heading text=&#187;\u041a\u0438\u043d\u043e\u0442\u0435\u0430\u0442\u0440\u044b, \u0422\u0435\u0430\u0442\u0440\u044b \u0438 \u041c\u0443\u0437\u0435\u0438&#187; font_container=&#187;tag:h2|font_size:21|text_align:center|color:%23000000|line_height:24px&#187; use_theme_fonts=&#187;yes&#187; font_weight=&#187;700&#8243; el_class=&#187;ls-0 mb-3&#8243;][vc_custom_heading text=&#187;\u0422\u043e\u0447\u043d\u044b\u0439 \u043a\u043e\u043d\u0442\u0440\u043e\u043b\u044c \u0442\u0435\u0440\u043c\u043e-\u0433\u0438\u0433\u0440\u043e\u043c\u0435\u0442\u0440\u0438\u0447\u0435\u0441\u043a\u0438\u0445 \u043f\u0430\u0440\u0430\u043c\u0435\u0442\u0440\u043e\u0432, \u043d\u0435\u043e\u0431\u0445\u043e\u0434\u0438\u043c\u044b\u0445 \u0434\u043b\u044f \u0441\u043e\u0437\u0434\u0430\u043d\u0438\u044f \u0438\u0434\u0435\u0430\u043b\u044c\u043d\u043e\u0439 \u0430\u0442\u043c\u043e\u0441\u0444\u0435\u0440\u044b, \u044f\u0432\u043b\u044f\u0435\u0442\u0441\u044f \u0442\u0440\u0443\u0434\u043d\u043e\u0439 \u0437\u0430\u0434\u0430\u0447\u0435\u0439&#8230;.&#187; font_container=&#187;tag:p|text_align:center|color:%23777777&#8243; use_theme_fonts=&#187;yes&#187; font_weight=&#187;300&#8243; el_class=&#187;mb-0&#8243;]<\/div><\/a><\/div>[\/vc_column_inner][vc_column_inner width=&#187;1\/3&#8243; animation_delay=&#187;700&#8243; animation_type=&#187;fadeInUp&#187;]<div class=\"porto-ultimate-content-box-container home-projects\"><style>.porto_ucb_21b6bf01188be9ba0119a2cb5c097588{will-change: box-shadow;box-shadow: none;}.porto_ucb_21b6bf01188be9ba0119a2cb5c097588:hover{box-shadow:none}<\/style><a aria-label=\"Anchor of Ultimate Content Box Container\" class=\"porto-ultimate-content-box-anchor\" href=\"https:\/\/www.urkerchiller.com\/veri-merkezleri\/\" title='Veri Merkezleri'  ><div class=\"porto-ultimate-content-box porto_ucb_21b6bf01188be9ba0119a2cb5c097588\" style=\"border:5px solid #ededed;\">[vc_single_image image=&#187;2864&#8243; img_size=&#187;full&#187; alignment=&#187;center&#187; style=&#187;vc_box_border_circle_2&#8243;][vc_custom_heading text=&#187;\u0426\u0435\u043d\u0442\u0440\u044b \u0425\u0440\u0430\u043d\u0435\u043d\u0438\u044f \u0438 \u041e\u0431\u0440\u0430\u0431\u043e\u0442\u043a\u0438 \u0414\u0430\u043d\u043d\u044b\u0445&#187; font_container=&#187;tag:h2|font_size:21|text_align:center|color:%23000000|line_height:24px&#187; use_theme_fonts=&#187;yes&#187; font_weight=&#187;700&#8243; el_class=&#187;ls-0 mb-3&#8243;][vc_custom_heading text=&#187;\u041e\u0433\u0440\u0430\u043d\u0438\u0447\u0435\u043d\u043d\u044b\u0439 \u0431\u044e\u0434\u0436\u0435\u0442 \u0438 \u0432\u044b\u0441\u043e\u043a\u0438\u0435 \u0437\u0430\u0442\u0440\u0430\u0442\u044b \u043d\u0430 \u044d\u043b\u0435\u043a\u0442\u0440\u043e\u044d\u043d\u0435\u0440\u0433\u0438\u044e \u0432\u044b\u043d\u0443\u0436\u0434\u0430\u044e\u0442 IT \u043e\u043f\u0435\u0440\u0430\u0442\u043e\u0440\u043e\u0432 \u0438\u0441\u043a\u0430\u0442\u044c \u0431\u043e\u043b\u0435\u0435 \u044d\u0444\u0444\u0435\u043a\u0442\u0438\u0432\u043d\u044b\u0435 \u0440\u0435\u0448\u0435\u043d\u0438\u044f, \u0441\u043f\u043e\u0441\u043e\u0431\u043d\u044b\u0435 \u043e\u0431\u0435\u0441\u043f\u0435\u0447\u0438\u0442\u044c &#8230;.&#187; font_container=&#187;tag:p|text_align:center|color:%23777777&#8243; use_theme_fonts=&#187;yes&#187; font_weight=&#187;300&#8243; el_class=&#187;mb-0&#8243;]<\/div><\/a><\/div>[\/vc_column_inner][\/vc_row_inner][vc_row_inner][vc_column_inner width=&#187;1\/3&#8243; animation_delay=&#187;300&#8243; animation_type=&#187;fadeInUp&#187;]<div class=\"porto-ultimate-content-box-container home-projects\"><style>.porto_ucb_21b6bf01188be9ba0119a2cb5c097588{will-change: box-shadow;box-shadow: none;}.porto_ucb_21b6bf01188be9ba0119a2cb5c097588:hover{box-shadow:none}<\/style><a aria-label=\"Anchor of Ultimate Content Box Container\" class=\"porto-ultimate-content-box-anchor\" href=\"https:\/\/www.urkerchiller.com\/fuar-alanlari\/\" title='Fuar Alanlar\u0131'  ><div class=\"porto-ultimate-content-box porto_ucb_21b6bf01188be9ba0119a2cb5c097588\" style=\"border:5px solid #ededed;\">[vc_single_image image=&#187;2865&#8243; img_size=&#187;full&#187; alignment=&#187;center&#187; style=&#187;vc_box_border_circle_2&#8243;][vc_custom_heading text=&#187;\u0412\u044b\u0441\u0442\u0430\u0432\u043e\u0447\u043d\u044b\u0435 \u041f\u043b\u043e\u0449\u0430\u0434\u043a\u0438&#187; font_container=&#187;tag:h2|font_size:21|text_align:center|color:%23000000|line_height:24px&#187; use_theme_fonts=&#187;yes&#187; font_weight=&#187;700&#8243; el_class=&#187;ls-0 mb-3&#8243;][vc_custom_heading text=&#187;\u041a\u043e\u043c\u043f\u0430\u043d\u0438\u044f \u00dcrker \u043f\u0440\u0435\u0434\u043b\u0430\u0433\u0430\u0435\u0442 \u0440\u0435\u0448\u0435\u043d\u0438\u044f, \u043e\u0442\u043b\u0438\u0447\u0430\u044e\u0449\u0438\u0435\u0441\u044f \u0432\u044b\u0441\u043e\u043a\u043e\u0439 \u0433\u0438\u0431\u043a\u043e\u0441\u0442\u044c\u044e \u0438 \u043d\u0430\u0434\u0435\u0436\u043d\u043e\u0441\u0442\u044c\u044e; \u043e\u043d\u0438 \u043f\u043e\u0434\u0445\u043e\u0434\u044f\u0442 \u0434\u043b\u044f \u0431\u043e\u043b\u044c\u0448\u0438\u0445 \u0437\u0434\u0430\u043d\u0438\u0439, \u0442\u0430\u043a\u0438\u0445 \u043a\u0430\u043a &#8230;&#187; font_container=&#187;tag:p|text_align:center|color:%23777777&#8243; use_theme_fonts=&#187;yes&#187; font_weight=&#187;300&#8243; el_class=&#187;mb-0&#8243;]<\/div><\/a><\/div>[\/vc_column_inner][vc_column_inner width=&#187;1\/3&#8243; animation_delay=&#187;500&#8243; animation_type=&#187;fadeInUp&#187;]<div class=\"porto-ultimate-content-box-container home-projects\"><style>.porto_ucb_21b6bf01188be9ba0119a2cb5c097588{will-change: box-shadow;box-shadow: none;}.porto_ucb_21b6bf01188be9ba0119a2cb5c097588:hover{box-shadow:none}<\/style><a aria-label=\"Anchor of Ultimate Content Box Container\" class=\"porto-ultimate-content-box-anchor\" href=\"https:\/\/www.urkerchiller.com\/hastaneler\/\" title='Hastaneler'  ><div class=\"porto-ultimate-content-box porto_ucb_21b6bf01188be9ba0119a2cb5c097588\" style=\"border:5px solid #ededed;\">[vc_single_image image=&#187;2866&#8243; img_size=&#187;full&#187; alignment=&#187;center&#187; style=&#187;vc_box_border_circle_2&#8243;][vc_custom_heading text=&#187;\u0411\u043e\u043b\u044c\u043d\u0438\u0446\u044b&#187; font_container=&#187;tag:h2|font_size:21|text_align:center|color:%23000000|line_height:24px&#187; use_theme_fonts=&#187;yes&#187; font_weight=&#187;700&#8243; skin=&#187;dark&#187; el_class=&#187;ls-0 mb-3&#8243;][vc_custom_heading text=&#187;\u0423\u0447\u0438\u0442\u044b\u0432\u0430\u044f \u043e\u0441\u043e\u0431\u044b\u0435 \u043f\u043e\u0442\u0440\u0435\u0431\u043d\u043e\u0441\u0442\u0438 \u0434\u043b\u044f \u043f\u043e\u0434\u0434\u0435\u0440\u0436\u0430\u043d\u0438\u044f \u043a\u043e\u043c\u0444\u043e\u0440\u0442\u0430 \u043d\u0430 \u0442\u0435\u0440\u0440\u0438\u0442\u043e\u0440\u0438\u044f\u0445 \u0431\u043e\u043b\u044c\u043d\u0438\u0446\u044b, \u0441\u0438\u0441\u0442\u0435\u043c\u044b \u043a\u043e\u043d\u0434\u0438\u0446\u0438\u043e\u043d\u0438\u0440\u043e\u0432\u0430\u043d\u0438\u044f \u0432\u043e\u0437\u0434\u0443\u0445\u0430 \u0434\u043e\u043b\u0436\u043d\u044b \u0441\u043e\u043e\u0442\u0432\u0435\u0442\u0441\u0442\u0432\u043e\u0432\u0430\u0442\u044c &#8230;&#187; font_container=&#187;tag:p|text_align:center|color:%23777777&#8243; use_theme_fonts=&#187;yes&#187; font_weight=&#187;300&#8243; el_class=&#187;mb-0&#8243;]<\/div><\/a><\/div>[\/vc_column_inner][vc_column_inner width=&#187;1\/3&#8243; animation_delay=&#187;700&#8243; animation_type=&#187;fadeInUp&#187;]<div class=\"porto-ultimate-content-box-container home-projects\"><style>.porto_ucb_21b6bf01188be9ba0119a2cb5c097588{will-change: box-shadow;box-shadow: none;}.porto_ucb_21b6bf01188be9ba0119a2cb5c097588:hover{box-shadow:none}<\/style><a aria-label=\"Anchor of Ultimate Content Box Container\" class=\"porto-ultimate-content-box-anchor\" href=\"https:\/\/www.urkerchiller.com\/otel-ve-restoran-klima-sistemleri-urker-chiller\/\" title='Otel ve Restoranlar'  ><div class=\"porto-ultimate-content-box porto_ucb_21b6bf01188be9ba0119a2cb5c097588\" style=\"border:5px solid #ededed;\">[vc_single_image image=&#187;2867&#8243; img_size=&#187;full&#187; alignment=&#187;center&#187; style=&#187;vc_box_border_circle_2&#8243;][vc_custom_heading text=&#187;\u041e\u0442\u0435\u043b\u0438 \u0438 \u0420\u0435\u0441\u0442\u043e\u0440\u0430\u043d\u044b&#187; font_container=&#187;tag:h2|font_size:21|text_align:center|color:%23000000|line_height:24px&#187; use_theme_fonts=&#187;yes&#187; font_weight=&#187;700&#8243; el_class=&#187;ls-0 mb-3&#8243;][vc_custom_heading text=&#187;\u041a\u043e\u043c\u0444\u043e\u0440\u0442 \u043d\u0430\u0448\u0438\u0445 \u0433\u043e\u0441\u0442\u0435\u0439 \u044f\u0432\u043b\u044f\u0435\u0442\u0441\u044f \u043a\u043b\u044e\u0447\u0435\u0432\u044b\u043c \u044d\u043b\u0435\u043c\u0435\u043d\u0442\u043e\u043c \u0432\u043e \u0432\u0440\u0435\u043c\u044f \u0438\u0445 \u043f\u0440\u0435\u0431\u044b\u0432\u0430\u043d\u0438\u044f \u0432 \u043e\u0442\u0435\u043b\u0435, \u0438\u043b\u0438 \u0432\u043e \u0432\u0440\u0435\u043c\u044f \u043f\u043e\u0441\u0435\u0449\u0435\u043d\u0438\u044f \u0440\u0435\u0441\u0442\u043e\u0440\u0430\u043d\u043e\u0432 \u043e\u0442\u0435\u043b\u044f, \u0438 \u043e\u0431\u0435\u0441\u043f\u0435\u0447\u0435\u043d\u0438\u0435 \u0432\u044b\u0441\u043e\u043a\u043e\u0439 &#8230;&#187; font_container=&#187;tag:p|text_align:center|color:%23777777&#8243; use_theme_fonts=&#187;yes&#187; font_weight=&#187;300&#8243; el_class=&#187;mb-0&#8243;]<\/div><\/a><\/div>[\/vc_column_inner][\/vc_row_inner][vc_row_inner][vc_column_inner width=&#187;1\/3&#8243; animation_delay=&#187;300&#8243; animation_type=&#187;fadeInUp&#187;]<div class=\"porto-ultimate-content-box-container home-projects\"><style>.porto_ucb_21b6bf01188be9ba0119a2cb5c097588{will-change: box-shadow;box-shadow: none;}.porto_ucb_21b6bf01188be9ba0119a2cb5c097588:hover{box-shadow:none}<\/style><a aria-label=\"Anchor of Ultimate Content Box Container\" class=\"porto-ultimate-content-box-anchor\" href=\"https:\/\/www.urkerchiller.com\/eglence-ve-spor-merkezleri\/\" title='E\u011flence ve Spor Merkezleri'  ><div class=\"porto-ultimate-content-box porto_ucb_21b6bf01188be9ba0119a2cb5c097588\" style=\"border:5px solid #ededed;\">[vc_single_image image=&#187;2868&#8243; img_size=&#187;full&#187; alignment=&#187;center&#187; style=&#187;vc_box_border_circle_2&#8243;][vc_custom_heading text=&#187;\u0420\u0430\u0437\u0432\u043b\u0435\u043a\u0430\u0442\u0435\u043b\u044c\u043d\u044b\u0435 \u0438 \u0421\u043f\u043e\u0440\u0442\u0438\u0432\u043d\u044b\u0435 \u0426\u0435\u043d\u0442\u0440\u044b&#187; font_container=&#187;tag:h2|font_size:21|text_align:center|color:%23000000|line_height:24px&#187; use_theme_fonts=&#187;yes&#187; font_weight=&#187;700&#8243; el_class=&#187;ls-0 mb-3&#8243;][vc_custom_heading text=&#187;\u0421\u043e\u0437\u0434\u0430\u0442\u044c \u043a\u043e\u043c\u0444\u043e\u0440\u0442\u043d\u044b\u0435 \u0443\u0441\u043b\u043e\u0432\u0438\u044f \u0434\u043b\u044f \u0437\u0430\u043d\u044f\u0442\u0438\u0439 \u0441\u043f\u043e\u0440\u0442\u043e\u043c \u0438 \u0441\u0432\u043e\u0431\u043e\u0434\u043d\u043e\u0433\u043e \u0432\u0440\u0435\u043c\u0435\u043d\u0438 \u044f\u0432\u043b\u044f\u0435\u0442\u0441\u044f \u0442\u0440\u0443\u0434\u043d\u043e\u0439 \u0437\u0430\u0434\u0430\u0447\u0435\u0439, \u043a\u043e\u0442\u043e\u0440\u0430\u044f \u0442\u0440\u0435\u0431\u0443\u0435\u0442 \u0442\u043e\u0447\u043d\u043e\u0433\u043e \u043a\u043e\u043d\u0442\u0440\u043e\u043b\u044f \u0442\u0435\u0440\u043c\u043e-\u0433\u0438\u0433\u0440\u043e\u043c\u0435\u0442\u0440\u0438\u0447\u0435\u0441\u043a\u0438\u0445 &#8230;.&#187; font_container=&#187;tag:p|text_align:center|color:%23777777&#8243; use_theme_fonts=&#187;yes&#187; font_weight=&#187;300&#8243; el_class=&#187;mb-0&#8243;]<\/div><\/a><\/div>[\/vc_column_inner][vc_column_inner width=&#187;1\/3&#8243; animation_delay=&#187;500&#8243; animation_type=&#187;fadeInUp&#187;]<div class=\"porto-ultimate-content-box-container home-projects\"><style>.porto_ucb_21b6bf01188be9ba0119a2cb5c097588{will-change: box-shadow;box-shadow: none;}.porto_ucb_21b6bf01188be9ba0119a2cb5c097588:hover{box-shadow:none}<\/style><a aria-label=\"Anchor of Ultimate Content Box Container\" class=\"porto-ultimate-content-box-anchor\" href=\"https:\/\/www.urkerchiller.com\/ofis-klima-sistemleri-urker-chiller\/\" title='Ofisler'  ><div class=\"porto-ultimate-content-box porto_ucb_21b6bf01188be9ba0119a2cb5c097588\" style=\"border:5px solid #ededed;\">[vc_single_image image=&#187;2869&#8243; img_size=&#187;full&#187; alignment=&#187;center&#187; style=&#187;vc_box_border_circle_2&#8243;][vc_custom_heading text=&#187;\u041e\u0444\u0438\u0441\u044b&#187; font_container=&#187;tag:h2|font_size:21|text_align:center|color:%23000000|line_height:24px&#187; use_theme_fonts=&#187;yes&#187; font_weight=&#187;700&#8243; skin=&#187;dark&#187; el_class=&#187;ls-0 mb-3&#8243;][vc_custom_heading text=&#187;\u041e\u0431\u0435\u0441\u043f\u0435\u0447\u0435\u043d\u0438\u0435 \u043a\u043e\u043c\u0444\u043e\u0440\u0442\u043d\u043e\u0439 \u0440\u0430\u0431\u043e\u0447\u0435\u0439 \u0441\u0440\u0435\u0434\u044b \u0438 \u043c\u0430\u043a\u0441\u0438\u043c\u0430\u043b\u044c\u043d\u043e\u0439 \u043f\u0440\u043e\u0434\u0443\u043a\u0442\u0438\u0432\u043d\u043e\u0441\u0442\u0438 \u0440\u0430\u0431\u043e\u0442\u044b \u043f\u0435\u0440\u0441\u043e\u043d\u0430\u043b\u0430 \u044f\u0432\u043b\u044f\u0435\u0442\u0441\u044f, \u043d\u0430 \u0441\u0435\u0433\u043e\u0434\u043d\u044f\u0448\u043d\u0438\u0439 \u0434\u0435\u043d\u044c, \u043f\u0435\u0440\u0432\u043e\u043e\u0447\u0435\u0440\u0435\u0434\u043d\u043e\u0439 \u0437\u0430\u0434\u0430\u0447\u0435\u0439&#8230;..&#187; font_container=&#187;tag:p|text_align:center|color:%23777777&#8243; use_theme_fonts=&#187;yes&#187; font_weight=&#187;300&#8243; el_class=&#187;mb-0&#8243;]<\/div><\/a><\/div>[\/vc_column_inner][vc_column_inner width=&#187;1\/3&#8243; animation_delay=&#187;700&#8243; animation_type=&#187;fadeInUp&#187;]<div class=\"porto-ultimate-content-box-container home-projects\"><style>.porto_ucb_21b6bf01188be9ba0119a2cb5c097588{will-change: box-shadow;box-shadow: none;}.porto_ucb_21b6bf01188be9ba0119a2cb5c097588:hover{box-shadow:none}<\/style><a aria-label=\"Anchor of Ultimate Content Box Container\" class=\"porto-ultimate-content-box-anchor\" href=\"https:\/\/www.urkerchiller.com\/kamu-binalari-ve-okullar\/\" title='Kamu Binalar\u0131 ve Okullar'  ><div class=\"porto-ultimate-content-box porto_ucb_21b6bf01188be9ba0119a2cb5c097588\" style=\"border:5px solid #ededed;\">[vc_single_image image=&#187;2870&#8243; img_size=&#187;full&#187; alignment=&#187;center&#187; style=&#187;vc_box_border_circle_2&#8243;][vc_custom_heading text=&#187;\u041e\u0431\u0449\u0435\u0441\u0442\u0432\u0435\u043d\u043d\u044b\u0435 \u0417\u0434\u0430\u043d\u0438\u044f \u0438 \u0423\u0447\u0435\u0431\u043d\u044b\u0435 \u0417\u0430\u0432\u0435\u0434\u0435\u043d\u0438\u044f&#187; font_container=&#187;tag:h2|font_size:21|text_align:center|color:%23000000|line_height:24px&#187; use_theme_fonts=&#187;yes&#187; font_weight=&#187;700&#8243; el_class=&#187;ls-0 mb-3&#8243;][vc_custom_heading text=&#187;\u00dcrker \u043f\u0440\u0435\u0434\u043b\u0430\u0433\u0430\u0435\u0442 \u0440\u0435\u0448\u0435\u043d\u0438\u044f, \u043e\u0442\u043b\u0438\u0447\u0430\u044e\u0449\u0438\u0435\u0441\u044f \u0432\u044b\u0441\u043e\u043a\u043e\u0439 \u0433\u0438\u0431\u043a\u043e\u0441\u0442\u044c\u044e \u0438 \u043d\u0430\u0434\u0435\u0436\u043d\u043e\u0441\u0442\u044c\u044e; \u043e\u043d\u0438 \u043f\u043e\u0434\u0445\u043e\u0434\u044f\u0442 \u0434\u043b\u044f \u0432\u0441\u0435\u0445 \u0442\u0438\u043f\u043e\u0432 \u043e\u0431\u0449\u0435\u0441\u0442\u0432\u0435\u043d\u043d\u044b\u0445 \u0437\u0434\u0430\u043d\u0438\u0439, \u0442\u0430\u043a\u0438\u0445 \u043a\u0430\u043a \u0448\u043a\u043e\u043b\u044b, \u0443\u043d\u0438\u0432\u0435\u0440\u0441\u0438\u0442\u0435\u0442\u044b&#8230;&#187; font_container=&#187;tag:p|text_align:center|color:%23777777&#8243; use_theme_fonts=&#187;yes&#187; font_weight=&#187;300&#8243; el_class=&#187;mb-0&#8243;]<\/div><\/a><\/div>[\/vc_column_inner][\/vc_row_inner][vc_row_inner][vc_column_inner width=&#187;1\/3&#8243; animation_delay=&#187;300&#8243; animation_type=&#187;fadeInUp&#187;]<div class=\"porto-ultimate-content-box-container home-projects\"><style>.porto_ucb_21b6bf01188be9ba0119a2cb5c097588{will-change: box-shadow;box-shadow: none;}.porto_ucb_21b6bf01188be9ba0119a2cb5c097588:hover{box-shadow:none}<\/style><a aria-label=\"Anchor of Ultimate Content Box Container\" class=\"porto-ultimate-content-box-anchor\" href=\"https:\/\/www.urkerchiller.com\/yerlesim-yeri\/\" title='Yerle\u015fim Yeri'  ><div class=\"porto-ultimate-content-box porto_ucb_21b6bf01188be9ba0119a2cb5c097588\" style=\"border:5px solid #ededed;\">[vc_single_image image=&#187;2871&#8243; img_size=&#187;full&#187; alignment=&#187;center&#187; style=&#187;vc_box_border_circle_2&#8243;][vc_custom_heading text=&#187;\u0416\u0438\u043b\u044b\u0435 \u0414\u043e\u043c\u0430&#187; font_container=&#187;tag:h2|font_size:21|text_align:center|color:%23000000|line_height:24px&#187; use_theme_fonts=&#187;yes&#187; font_weight=&#187;700&#8243; el_class=&#187;ls-0 mb-3&#8243;][vc_custom_heading text=&#187;\u0421\u0435\u0433\u043e\u0434\u043d\u044f, \u043d\u0430\u0440\u044f\u0434\u0443 \u0441 \u043f\u043e\u0441\u0442\u043e\u044f\u043d\u043d\u044b\u043c \u0443\u0432\u0435\u043b\u0438\u0447\u0435\u043d\u0438\u0435\u043c \u0441\u0442\u043e\u0438\u043c\u043e\u0441\u0442\u0438 \u044d\u043b\u0435\u043a\u0442\u0440\u043e\u044d\u043d\u0435\u0440\u0433\u0438\u0438, \u0432\u043b\u0438\u044f\u044e\u0449\u0435\u0439, \u043d\u0430 \u0431\u044e\u0434\u0436\u0435\u0442 \u043a\u0430\u0436\u0434\u043e\u0439 \u0441\u0435\u043c\u044c\u0438, \u043d\u0430\u0431\u043b\u044e\u0434\u0430\u0435\u0442\u0441\u044f \u0438 \u0440\u043e\u0441\u0442 \u043e\u0441\u043e\u0437\u043d\u0430\u043d\u043d\u043e\u0433\u043e \u043f\u043e\u0434\u0445\u043e\u0434\u0430 \u043a&#8230;.&#187; font_container=&#187;tag:p|text_align:center|color:%23777777&#8243; use_theme_fonts=&#187;yes&#187; font_weight=&#187;300&#8243; el_class=&#187;mb-0&#8243;]<\/div><\/a><\/div>[\/vc_column_inner][vc_column_inner width=&#187;1\/3&#8243; animation_delay=&#187;500&#8243; animation_type=&#187;fadeInUp&#187;]<div class=\"porto-ultimate-content-box-container home-projects\"><style>.porto_ucb_21b6bf01188be9ba0119a2cb5c097588{will-change: box-shadow;box-shadow: none;}.porto_ucb_21b6bf01188be9ba0119a2cb5c097588:hover{box-shadow:none}<\/style><a aria-label=\"Anchor of Ultimate Content Box Container\" class=\"porto-ultimate-content-box-anchor\" href=\"https:\/\/www.urkerchiller.com\/alisveris-merkezi\/\" title='Al\u0131\u015fveri\u015f Merkezi'  ><div class=\"porto-ultimate-content-box porto_ucb_21b6bf01188be9ba0119a2cb5c097588\" style=\"border:5px solid #ededed;\">[vc_single_image image=&#187;2872&#8243; img_size=&#187;full&#187; alignment=&#187;center&#187; style=&#187;vc_box_border_circle_2&#8243;][vc_custom_heading text=&#187;\u0422\u043e\u0440\u0433\u043e\u0432\u044b\u0439 \u0426\u0435\u043d\u0442\u0440&#187; font_container=&#187;tag:h2|font_size:21|text_align:center|color:%23000000|line_height:24px&#187; use_theme_fonts=&#187;yes&#187; font_weight=&#187;700&#8243; skin=&#187;dark&#187; el_class=&#187;ls-0 mb-3&#8243;][vc_custom_heading text=&#187;\u0421\u043e\u0432\u0440\u0435\u043c\u0435\u043d\u043d\u044b\u0435 \u043f\u043e\u0442\u0440\u0435\u0431\u0438\u0442\u0435\u043b\u0438 \u0441\u0442\u0440\u0435\u043c\u044f\u0442\u0441\u044f \u043f\u0440\u043e\u0432\u043e\u0434\u0438\u0442\u044c \u0432\u0440\u0435\u043c\u044f, \u043e\u0442\u0432\u0435\u0434\u0435\u043d\u043d\u043e\u0435 \u043d\u0430 \u043f\u043e\u043a\u0443\u043f\u043a\u0438, \u0432 \u043a\u043e\u043c\u0444\u043e\u0440\u0442\u043d\u043e\u0439 \u043e\u0431\u0441\u0442\u0430\u043d\u043e\u0432\u043a\u0435. \u041f\u043e\u0434\u043e\u0431\u043d\u0430\u044f \u0430\u0442\u043c\u043e\u0441\u0444\u0435\u0440\u0430 \u043d\u0435 \u043f\u0440\u043e\u0441\u0442\u043e \u043f\u0440\u0438\u0432\u043b\u0435\u043a\u0430\u0435\u0442 &#8230;&#187; font_container=&#187;tag:p|text_align:center|color:%23777777&#8243; use_theme_fonts=&#187;yes&#187; font_weight=&#187;300&#8243; el_class=&#187;mb-0&#8243;]<\/div><\/a><\/div>[\/vc_column_inner][\/vc_row_inner][\/vc_column][\/vc_row]<\/p>\n<\/div>","protected":false},"excerpt":{"rendered":"<p>[vc_row wrap_container=&#187;yes&#187; is_section=&#187;yes&#187; remove_margin_top=&#187;yes&#187; remove_border=&#187;yes&#187; el_class=&#187;ourservices&#187; css=&#187;.vc_custom_1600012017629{padding-top: 1px !important;background-color: #ffffff !important;}&#187;][vc_column][vc_row_inner][vc_column_inner width=&#187;1\/3&#8243; animation_delay=&#187;300&#8243; animation_type=&#187;fadeInUp&#187;][\/vc_column_inner][vc_column_inner width=&#187;1\/3&#8243; animation_delay=&#187;500&#8243; animation_type=&#187;fadeInUp&#187;][\/vc_column_inner][vc_column_inner width=&#187;1\/3&#8243; animation_delay=&#187;700&#8243; animation_type=&#187;fadeInUp&#187;][\/vc_column_inner][\/vc_row_inner][vc_row_inner][vc_column_inner width=&#187;1\/3&#8243; animation_delay=&#187;300&#8243; animation_type=&#187;fadeInUp&#187;][\/vc_column_inner][vc_column_inner width=&#187;1\/3&#8243; animation_delay=&#187;500&#8243; animation_type=&#187;fadeInUp&#187;][\/vc_column_inner][vc_column_inner width=&#187;1\/3&#8243; animation_delay=&#187;700&#8243; animation_type=&#187;fadeInUp&#187;][\/vc_column_inner][\/vc_row_inner][vc_row_inner][vc_column_inner width=&#187;1\/3&#8243; animation_delay=&#187;300&#8243; animation_type=&#187;fadeInUp&#187;][\/vc_column_inner][vc_column_inner width=&#187;1\/3&#8243; animation_delay=&#187;500&#8243; animation_type=&#187;fadeInUp&#187;][\/vc_column_inner][vc_column_inner width=&#187;1\/3&#8243; animation_delay=&#187;700&#8243; animation_type=&#187;fadeInUp&#187;][\/vc_column_inner][\/vc_row_inner][vc_row_inner][vc_column_inner width=&#187;1\/3&#8243; animation_delay=&#187;300&#8243; animation_type=&#187;fadeInUp&#187;][\/vc_column_inner][vc_column_inner width=&#187;1\/3&#8243; animation_delay=&#187;500&#8243; animation_type=&#187;fadeInUp&#187;][\/vc_column_inner][\/vc_row_inner][\/vc_column][\/vc_row]<\/p>\n","protected":false},"author":1,"featured_media":0,"parent":0,"menu_order":0,"comment_status":"closed","ping_status":"closed","template":"","meta":{"footnotes":""},"class_list":["post-2861","page","type-page","status-publish","hentry"],"aioseo_notices":[],"_links":{"self":[{"href":"https:\/\/www.urkerchiller.com\/ru\/wp-json\/wp\/v2\/pages\/2861","targetHints":{"allow":["GET"]}}],"collection":[{"href":"https:\/\/www.urkerchiller.com\/ru\/wp-json\/wp\/v2\/pages"}],"about":[{"href":"https:\/\/www.urkerchiller.com\/ru\/wp-json\/wp\/v2\/types\/page"}],"author":[{"embeddable":true,"href":"https:\/\/www.urkerchiller.com\/ru\/wp-json\/wp\/v2\/users\/1"}],"replies":[{"embeddable":true,"href":"https:\/\/www.urkerchiller.com\/ru\/wp-json\/wp\/v2\/comments?post=2861"}],"version-history":[{"count":0,"href":"https:\/\/www.urkerchiller.com\/ru\/wp-json\/wp\/v2\/pages\/2861\/revisions"}],"wp:attachment":[{"href":"https:\/\/www.urkerchiller.com\/ru\/wp-json\/wp\/v2\/media?parent=2861"}],"curies":[{"name":"wp","href":"https:\/\/api.w.org\/{rel}","templated":true}]}}