{"id":55,"date":"2016-06-13T15:48:45","date_gmt":"2016-06-13T12:48:45","guid":{"rendered":"http:\/\/sw-themes.com\/porto_dummy\/?page_id=55"},"modified":"2021-03-12T18:27:04","modified_gmt":"2021-03-12T15:27:04","slug":"urker-chiller-hakkimizda","status":"publish","type":"page","link":"https:\/\/www.urkerchiller.com\/ru\/urker-chiller-hakkimizda\/","title":{"rendered":"\u041e \u043d\u0430\u0441"},"content":{"rendered":"<div class=\"wpb-content-wrapper\"><p>[vc_row wrap_container=&#187;yes&#187; is_section=&#187;yes&#187; remove_margin_top=&#187;yes&#187; remove_margin_bottom=&#187;yes&#187; remove_border=&#187;yes&#187; el_class=&#187;p-t-xxl row-align-items-center&#187; css=&#187;.vc_custom_1599479201965{background-color: #f4f4f4 !important;}&#187;][vc_column width=&#187;1\/2&#8243; offset=&#187;vc_col-md-offset-2 vc_col-md-4 vc_col-sm-offset-4&#8243; el_class=&#187;col-sm-8 offset-sm-5 mt-sm-5 pt-sm-5&#8243;][vc_single_image image=&#187;2568&#8243; img_size=&#187;full&#187; style=&#187;vc_box_border&#187; animation_delay=&#187;300&#8243; css_animation=&#187;none&#187; el_class=&#187;position-absolute d-none d-sm-block&#187; css=&#187;.vc_custom_1599482590057{margin-top: 10% !important;margin-left: -54% !important;}&#187; animation_type=&#187;zoomIn&#187;][vc_single_image image=&#187;3083&#8243; img_size=&#187;full&#187; style=&#187;vc_box_border&#187; animation_delay=&#187;100&#8243; el_class=&#187;position-absolute d-none d-sm-block&#187; css=&#187;.vc_custom_1600094664364{margin-top: -26% !important;margin-left: -33% !important;}&#187; animation_type=&#187;zoomIn&#187;][vc_single_image image=&#187;3082&#8243; img_size=&#187;full&#187; style=&#187;vc_box_border&#187; animation_delay=&#187;600&#8243; el_class=&#187;position-relative mb-0&#8243; animation_type=&#187;zoomIn&#187;][\/vc_column][vc_column offset=&#187;vc_col-md-6&#8243; el_class=&#187;pr-lg-5 mb-sm-5 mb-lg-0&#8243; css=&#187;.vc_custom_1600852235906{margin-top: 25px !important;}&#187;][vc_custom_heading text=&#187;\u00dcrker Chiller&#187; font_container=&#187;tag:h2|text_align:left|color:%231d2127&#8243; use_theme_fonts=&#187;yes&#187; css=&#187;.vc_custom_1600691377149{margin-bottom: 0px !important;}&#187;][vc_column_text el_class=&#187;text-color-dark m-b-md&#187;]\u041f\u0440\u043e\u0444\u0438\u043b\u044c \u041a\u043e\u043c\u043f\u0430\u043d\u0438\u0438[\/vc_column_text][vc_column_text]<\/p>\n<p class=\"lead\">\u041a\u043e\u043c\u043f\u0430\u043d\u0438\u044f Kemal \u00dcrker So\u011futma Cihazlar\u0131 San. Tic. Ltd (\u00ab\u041a\u0435\u043c\u0430\u043b\u044c \u0423\u0440\u043a\u0435\u0440 \u0421\u043e\u0443\u0442\u043c\u0430 \u0414\u0436\u0438\u0445\u0430\u0437\u043b\u0430\u0440\u044b \u0421\u0430\u043d. \u0422\u0438\u0436. \u041b\u0442\u0434.\u00bb) \u043e\u0441\u043d\u043e\u0432\u0430\u043d\u0430 \u0432 1981 \u0433\u043e\u0434\u0443, \u0437\u0430\u043d\u0438\u043c\u0430\u0435\u0442\u0441\u044f \u043f\u0440\u043e\u0438\u0437\u0432\u043e\u0434\u0441\u0442\u0432\u043e\u043c, \u043c\u043e\u043d\u0442\u0430\u0436\u043e\u043c, \u043e\u0431\u0441\u043b\u0443\u0436\u0438\u0432\u0430\u043d\u0438\u0435\u043c \u0438 \u043f\u0440\u043e\u0434\u0430\u0436\u0430\u043c\u0438 \u0441\u0438\u0441\u0442\u0435\u043c \u043e\u0445\u043b\u0430\u0436\u0434\u0435\u043d\u0438\u044f. \u041a\u043e\u043c\u043f\u0430\u043d\u0438\u044f \u043e\u0441\u0443\u0449\u0435\u0441\u0442\u0432\u043b\u044f\u0435\u0442 \u043f\u0440\u043e\u0438\u0437\u0432\u043e\u0434\u0441\u0442\u0432\u043e, \u043e\u043f\u0438\u0440\u0430\u044f\u0441\u044c \u043d\u0430 \u0431\u043e\u043b\u0435\u0435 \u0447\u0435\u043c 35-\u043b\u0435\u0442\u043d\u0438\u0439 \u043e\u043f\u044b\u0442, \u043d\u0430\u043a\u043e\u043f\u043b\u0435\u043d\u043d\u044b\u0435 \u0437\u043d\u0430\u043d\u0438\u044f \u0438 \u0440\u0430\u0437\u0440\u0430\u0431\u043e\u0442\u043a\u0438 \u201c\u043d\u043e\u0443-\u0445\u0430y\u201d, \u0438 \u043f\u043e\u0441\u0442\u043e\u044f\u043d\u043d\u043e \u0443\u0432\u0435\u043b\u0438\u0447\u0438\u0432\u0430\u0435\u0442 \u0441\u0432\u043e\u0439 \u043f\u0440\u043e\u0438\u0437\u0432\u043e\u0434\u0441\u0442\u0432\u0435\u043d\u043d\u044b\u0439 \u043f\u043e\u0442\u0435\u043d\u0446\u0438\u0430\u043b.<\/p>\n<p>\u041d\u0430\u0448\u0430 \u043a\u043e\u043c\u043f\u0430\u043d\u0438\u044f \u0440\u0430\u0441\u0441\u043c\u0430\u0442\u0440\u0438\u0432\u0430\u0435\u0442 \u043a\u0430\u0436\u0434\u0443\u044e \u043f\u0440\u043e\u0434\u0435\u043b\u0430\u043d\u043d\u0443\u044e \u0440\u0430\u0431\u043e\u0442\u0443 \u0432 \u043a\u0430\u0447\u0435\u0441\u0442\u0432\u0435 \u043e\u0440\u0438\u0435\u043d\u0442\u0438\u0440\u0430, \u0438 \u043e\u0442\u0434\u0430\u0435\u0442 \u043f\u0440\u0438\u043e\u0440\u0438\u0442\u0435\u0442 \u0443\u0434\u043e\u0432\u043b\u0435\u0442\u0432\u043e\u0440\u0435\u043d\u0438\u044e \u043d\u0443\u0436\u0434 \u043a\u043b\u0438\u0435\u043d\u0442\u0430 \u0438 \u043a\u0430\u0447\u0435\u0441\u0442\u0432\u0443 \u043f\u0440\u043e\u0434\u0443\u043a\u0446\u0438\u0438, \u0432\u043d\u0438\u043c\u0430\u0442\u0435\u043b\u044c\u043d\u043e \u0441\u043b\u0435\u0434\u0438\u0442 \u0437\u0430 \u0442\u0435\u0445\u043d\u043e\u043b\u043e\u0433\u0438\u0447\u0435\u0441\u043a\u0438\u043c\u0438 \u043d\u043e\u0432\u0438\u043d\u043a\u0430\u043c\u0438 \u0438 \u043f\u0440\u043e\u0432\u043e\u0434\u0438\u0442 \u043d\u0435\u043e\u0431\u0445\u043e\u0434\u0438\u043c\u043e\u0435 \u043e\u0431\u0443\u0447\u0435\u043d\u0438\u0435 \u0434\u043b\u044f \u0444\u043e\u0440\u043c\u0438\u0440\u043e\u0432\u0430\u043d\u0438\u044f \u043e\u0441\u043e\u0437\u043d\u0430\u043d\u043d\u043e\u0433\u043e \u043f\u043e\u0434\u0445\u043e\u0434\u0430 \u043a \u0432\u043e\u043f\u0440\u043e\u0441\u0443 \u043a\u0430\u0447\u0435\u0441\u0442\u0432\u0430 \u043f\u0440\u043e\u0434\u0443\u043a\u0446\u0438\u0438 \u0443 \u0432\u0441\u0435\u0433\u043e \u043f\u0435\u0440\u0441\u043e\u043d\u0430\u043b\u0430.<\/p>\n<p>\u00dcrker \u0438\u0437\u0432\u0435\u0441\u0442\u043d\u0430\u044f \u043a\u043e\u043c\u043f\u0430\u043d\u0438\u044f, \u043f\u043e\u043b\u044c\u0437\u0443\u044e\u0449\u0430\u044f\u0441\u044f \u0431\u043e\u043b\u044c\u0448\u0438\u043c \u0441\u043f\u0440\u043e\u0441\u043e\u043c, \u043a\u043e\u0442\u043e\u0440\u0430\u044f \u0443\u0434\u043e\u0432\u043b\u0435\u0442\u0432\u043e\u0440\u044f\u0435\u0442 \u043d\u0443\u0436\u0434\u044b \u043a\u043b\u0438\u0435\u043d\u0442\u043e\u0432 \u0432 \u043f\u043b\u0430\u043d\u0435 \u0441\u0432\u043e\u0435\u0439 \u043f\u0440\u043e\u0434\u0443\u043a\u0446\u0438\u0438 \u0438 \u043e\u0431\u0441\u043b\u0443\u0436\u0438\u0432\u0430\u043d\u0438\u044f, \u043f\u0440\u0435\u0434\u043b\u0430\u0433\u0430\u0435\u043c\u044b\u0445, \u043a\u0430\u043a \u043d\u0430 \u0432\u043d\u0443\u0442\u0440\u0435\u043d\u043d\u0435\u043c, \u0442\u0430\u043a \u0438 \u043d\u0430 \u043c\u0438\u0440\u043e\u0432\u043e\u043c \u0440\u044b\u043d\u043a\u0435, \u043e\u0431\u043b\u0430\u0434\u0430\u0435\u0442 \u0441\u0435\u0440\u0442\u0438\u0444\u0438\u043a\u0430\u0442\u0430\u043c\u0438 EN ISO 9001: 2015 \u0438 CE.[\/vc_column_text][\/vc_column][\/vc_row][vc_row equal_height=&#187;yes&#187; content_placement=&#187;middle&#187; el_class=&#187;p-0&#8243;][vc_column offset=&#187;vc_col-lg-6 vc_col-md-6&#8243; el_class=&#187;custom-parallax-height&#187;][vc_single_image image=&#187;3084&#8243; img_size=&#187;full&#187; alignment=&#187;center&#187;][\/vc_column][vc_column css=&#187;.vc_custom_1599479213486{padding-top: 50px !important;padding-bottom: 40px !important;background-color: #ffffff !important;}&#187; offset=&#187;vc_col-lg-6 vc_col-md-6&#8243;]<div class=\"porto-container container col-half-section col-half-section-left \">[vc_custom_heading text=&#187;\u00dcrker Chiller&#187; font_container=&#187;tag:h2|text_align:left|color:%231d2127&#8243; use_theme_fonts=&#187;yes&#187; css=&#187;.vc_custom_1600691377149{margin-bottom: 0px !important;}&#187;][vc_column_text el_class=&#187;text-color-dark m-b-md&#187;]\u041d\u0430\u0448\u0435 \u0412\u0438\u0434\u0435\u043d\u0438\u0435[\/vc_column_text][vc_column_text css=&#187;.vc_custom_1601555988523{margin-bottom: 40px !important;}&#187;]<\/p>\n<div class=\"mask overflow-hidden mb-4\">\n<p class=\"lead\">\u041d\u0430\u0448\u0435 \u0432\u0438\u0434\u0435\u043d\u0438\u0435 \u0437\u0430\u043a\u043b\u044e\u0447\u0430\u0435\u0442\u0441\u044f \u0432 \u0442\u043e\u043c, \u0447\u0442\u043e\u0431\u044b \u043f\u043e\u0434\u043d\u044f\u0442\u044c \u043d\u0430\u0448\u0438 \u0441\u0442\u0430\u043d\u0434\u0430\u0440\u0442\u044b \u043d\u0430 \u043e\u0434\u0438\u043d \u0443\u0440\u043e\u0432\u0435\u043d\u044c \u0441 \u043c\u0438\u0440\u043e\u0432\u044b\u043c\u0438 \u0441\u0442\u0430\u043d\u0434\u0430\u0440\u0442\u0430\u043c\u0438 \u043d\u0430\u0448\u0435\u0433\u043e \u0431\u0438\u0437\u043d\u0435\u0441-\u0441\u0435\u0433\u043c\u0435\u043d\u0442\u0430 \u0432 \u0440\u0430\u043c\u043a\u0430\u0445 \u043a\u043e\u0440\u043f\u043e\u0440\u0430\u0442\u0438\u0432\u043d\u043e\u0439 \u0441\u0442\u0440\u0443\u043a\u0442\u0443\u0440\u044b, \u043d\u0435 \u0436\u0435\u0440\u0442\u0432\u0443\u044f, \u043f\u0440\u0438 \u044d\u0442\u043e\u043c, \u0443\u0440\u043e\u0432\u043d\u0435\u043c \u043a\u0430\u0447\u0435\u0441\u0442\u0432\u0430 \u0438 \u043e\u0431\u0441\u043b\u0443\u0436\u0438\u0432\u0430\u043d\u0438\u044f.<\/p>\n<p class=\"mb-0\">\u041f\u0440\u043e\u0434\u0432\u0438\u0433\u0430\u044f\u0441\u044c \u0434\u0430\u043b\u044c\u0448\u0435 \u043f\u043e \u043d\u0430\u0448\u0435\u043c\u0443 \u043f\u0443\u0442\u0438, \u043c\u044b \u043e\u0431\u0440\u0435\u0442\u0430\u0435\u043c \u043f\u043e\u043d\u0438\u043c\u0430\u043d\u0438\u0435, \u043a\u043e\u0442\u043e\u0440\u043e\u0435 \u043e\u043f\u0440\u0435\u0434\u0435\u043b\u044f\u0435\u0442 \u0442\u0430\u043a\u0438\u0435 \u043f\u0440\u0438\u043e\u0440\u0438\u0442\u0435\u0442\u044b \u043a\u0430\u043a \u0443\u0434\u043e\u0432\u043b\u0435\u0442\u0432\u043e\u0440\u0435\u043d\u0438\u0435 \u043a\u043b\u0438\u0435\u043d\u0442\u0430 \u043e\u0442 \u043f\u0440\u0435\u0434\u043b\u0430\u0433\u0430\u0435\u043c\u043e\u0433\u043e \u0441\u0435\u0440\u0432\u0438\u0441\u0430 \u0438 \u0441\u0442\u0430\u0431\u0438\u043b\u044c\u043d\u043e\u0441\u0442\u044c \u0432 \u043f\u0440\u043e\u0438\u0437\u0432\u043e\u0434\u0441\u0442\u0432\u0435. \u041c\u044b \u0441\u0442\u043e\u0440\u043e\u043d\u043d\u0438\u043a\u0438 \u0442\u043e\u0433\u043e, \u0447\u0442\u043e \u043f\u0440\u043e\u044f\u0432\u043b\u0435\u043d\u0438\u0435 \u0434\u043e\u043b\u0436\u043d\u043e\u0433\u043e \u0432\u043d\u0438\u043c\u0430\u043d\u0438\u044f \u043a \u0442\u0440\u0443\u0434\u043e\u0432\u044b\u043c \u0440\u0435\u0441\u0443\u0440\u0441\u0430\u043c \u0438 \u041d\u0418\u041e\u041a\u0420, \u044f\u0432\u043b\u044f\u0435\u0442\u0441\u044f \u043d\u0435\u043e\u0431\u0445\u043e\u0434\u0438\u043c\u044b\u043c \u0443\u0441\u043b\u043e\u0432\u0438\u0435\u043c \u0434\u043b\u044f \u0434\u043e\u0441\u0442\u0438\u0436\u0435\u043d\u0438\u044f \u0443\u0434\u043e\u0432\u043b\u0435\u0442\u0432\u043e\u0440\u0435\u043d\u0438\u044f \u043a\u043b\u0438\u0435\u043d\u0442\u0430 \u043e\u0442 \u043f\u0440\u0435\u0434\u043b\u0430\u0433\u0430\u0435\u043c\u044b\u0445 \u0443\u0441\u043b\u0443\u0433 \u0438 \u043f\u043e\u0441\u0442\u043e\u044f\u043d\u043d\u043e\u0433\u043e \u043f\u0440\u0435\u0432\u043e\u0441\u0445\u043e\u0434\u0441\u0442\u0432\u0430 \u0432 \u043f\u0440\u043e\u0438\u0437\u0432\u043e\u0434\u0441\u0442\u0432\u0435.<\/p>\n<p class=\"mb-0\">\u041d\u0430\u0448\u0435 \u0432\u0438\u0434\u0435\u043d\u0438\u0435 \u0437\u0430\u043a\u043b\u044e\u0447\u0430\u0435\u0442\u0441\u044f \u0432 \u0442\u043e\u043c, \u0447\u0442\u043e\u0431\u044b \u0441\u0430\u043c\u0438\u043c \u0443\u0441\u0442\u0430\u043d\u0430\u0432\u043b\u0438\u0432\u0430\u0442\u044c \u0441\u0442\u0430\u043d\u0434\u0430\u0440\u0442\u044b \u043a\u0430\u0447\u0435\u0441\u0442\u0432\u0430 \u0441 \u043f\u043e\u043c\u043e\u0449\u044c\u044e \u0440\u0430\u0437\u0443\u043c\u043d\u043e\u0433\u043e \u0438\u0441\u043f\u043e\u043b\u044c\u0437\u043e\u0432\u0430\u043d\u0438\u044f \u0442\u0435\u0445\u043d\u043e\u043b\u043e\u0433\u0438\u0439 \u0438 \u0441\u043e\u0432\u0440\u0435\u043c\u0435\u043d\u043d\u043e\u0439 \u0430\u0440\u0445\u0438\u0442\u0435\u043a\u0442\u0443\u0440\u044b, \u043d\u0435\u0436\u0435\u043b\u0438 \u0441\u043b\u0435\u0434\u043e\u0432\u0430\u0442\u044c \u0438\u043c\u0435\u044e\u0449\u0438\u043c\u0441\u044f \u0441\u0442\u0430\u043d\u0434\u0430\u0440\u0442\u0430\u043c \u043a\u0430\u0447\u0435\u0441\u0442\u0432\u0430. \u041f\u043e\u0432\u044b\u0448\u0435\u043d\u0438\u0435 \u043a\u0430\u0447\u0435\u0441\u0442\u0432\u0430 \u0436\u0438\u0437\u043d\u0438 \u043b\u044e\u0434\u0435\u0439 \u044f\u0432\u043b\u044f\u0435\u0442\u0441\u044f \u043e\u0434\u043d\u0438\u043c \u0438\u0437 \u043d\u0430\u0448\u0438\u0445 \u043f\u0440\u0438\u043d\u0446\u0438\u043f\u043e\u0432<\/p>\n<\/div>\n<p>[\/vc_column_text]<\/div>[\/vc_column][\/vc_row][vc_row equal_height=&#187;yes&#187; content_placement=&#187;middle&#187; el_class=&#187;custom-sm-flex-order p-0&#8243;][vc_column offset=&#187;vc_col-lg-6 vc_col-md-6&#8243; css=&#187;.vc_custom_1599474235947{padding-top: 50px !important;padding-bottom: 40px !important;background-color: #ffffff !important;}&#187;]<div class=\"porto-container container col-half-section col-half-section-right \">[vc_custom_heading text=&#187;\u00dcrker Chiller&#187; font_container=&#187;tag:h2|text_align:left|color:%231d2127&#8243; use_theme_fonts=&#187;yes&#187; css=&#187;.vc_custom_1600691386819{margin-bottom: 0px !important;}&#187;][vc_column_text el_class=&#187;text-color-dark m-b-md align-left&#187;]\u041d\u0430\u0448\u0430 \u041c\u0438\u0441\u0441\u0438\u044f[\/vc_column_text][vc_column_text css=&#187;.vc_custom_1601556039919{margin-bottom: 40px !important;}&#187; el_class=&#187;align-left&#187;]<\/p>\n<div class=\"mask overflow-hidden mb-4\">\n<p class=\"lead\">\u041f\u0440\u043e\u0434\u043e\u043b\u0436\u0430\u0442\u044c \u043f\u0440\u043e\u0432\u0435\u0434\u0435\u043d\u0438\u0435 \u0438\u0441\u0441\u043b\u0435\u0434\u043e\u0432\u0430\u043d\u0438\u0439 \u0438 \u0440\u0430\u0431\u043e\u0442 \u0441 \u043a\u043e\u043c\u0430\u043d\u0434\u043e\u0439, \u0441\u043e\u0441\u0442\u043e\u044f\u0449\u0435\u0439 \u0438\u0437 \u043f\u0435\u0440\u0441\u043e\u043d\u0430\u043b\u0430, \u043e\u0431\u043b\u0430\u0434\u0430\u044e\u0449\u0435\u0433\u043e \u0442\u0435\u0445\u043d\u043e\u043b\u043e\u0433\u0438\u0447\u0435\u0441\u043a\u0438\u043c \u043e\u043f\u044b\u0442\u043e\u043c, \u043e\u043f\u044b\u0442\u043e\u043c \u0440\u0443\u043a\u043e\u0432\u043e\u0434\u044f\u0449\u0435\u0439 \u0438 \u0430\u0434\u043c\u0438\u043d\u0438\u0441\u0442\u0440\u0430\u0442\u0438\u0432\u043d\u043e\u0439 \u0440\u0430\u0431\u043e\u0442\u044b.<\/p>\n<p class=\"mb-0\">\u041e\u0434\u043d\u0438\u043c \u0438\u0437 \u043f\u0440\u0438\u043e\u0440\u0438\u0442\u0435\u0442\u043e\u0432 \u043d\u0430\u0448\u0435\u0439 \u0434\u0435\u044f\u0442\u0435\u043b\u044c\u043d\u043e\u0441\u0442\u0438 \u044f\u0432\u043b\u044f\u0435\u0442\u0441\u044f \u043e\u0441\u0443\u0449\u0435\u0441\u0442\u0432\u043b\u0435\u043d\u0438\u0435 \u0440\u0430\u0431\u043e\u0442\u044b \u043d\u0430 \u043e\u0441\u043d\u043e\u0432\u0435 \u043d\u0430\u043a\u043e\u043f\u043b\u0435\u043d\u043d\u044b\u0445 \u0437\u043d\u0430\u043d\u0438\u0439 \u0438 \u043e\u043f\u044b\u0442\u0430, \u043d\u0435 \u0441\u043d\u0438\u0436\u0430\u044f \u0443\u0440\u043e\u0432\u043d\u044f \u043a\u0430\u0447\u0435\u0441\u0442\u0432\u0430, \u043d\u0435 \u043f\u043e\u0441\u0442\u0443\u043f\u0430\u044f\u0441\u044c \u043f\u0440\u0438\u043d\u0446\u0438\u043f\u0430\u043c\u0438 \u0447\u0435\u0441\u0442\u043d\u043e\u0441\u0442\u0438 \u0438 \u0441\u043f\u0440\u0430\u0432\u0435\u0434\u043b\u0438\u0432\u043e\u0441\u0442\u0438, \u043e\u0431\u0435\u0441\u043f\u0435\u0447\u0438\u0432\u0430\u0442\u044c \u0440\u0430\u0437\u0432\u0438\u0442\u0438\u0435 \u0436\u0438\u0437\u043d\u0435\u043d\u043d\u044b\u0445 \u0441\u0442\u0430\u043d\u0434\u0430\u0440\u0442\u043e\u0432 \u043e\u0431\u0449\u0435\u0441\u0442\u0432\u0430.<\/p>\n<p class=\"mb-0\">\u0421 \u0446\u0435\u043b\u044c\u044e \u043f\u0440\u0435\u0434\u043e\u0442\u0432\u0440\u0430\u0449\u0435\u043d\u0438\u044f \u0445\u0430\u043e\u0442\u0438\u0447\u043d\u043e\u0439 \u0437\u0430\u0441\u0442\u0440\u043e\u0439\u043a\u0438, \u043a\u043e\u0442\u043e\u0440\u0430\u044f \u044f\u0432\u043b\u044f\u0435\u0442\u0441\u044f \u043e\u0434\u043d\u043e\u0439 \u0438\u0437 \u0441\u0430\u043c\u044b\u0445 \u0431\u043e\u043b\u0435\u0437\u043d\u0435\u043d\u043d\u044b\u0445 \u043f\u0440\u043e\u0431\u043b\u0435\u043c \u043d\u0430\u0448\u0435\u0439 \u0441\u0442\u0440\u0430\u043d\u044b, \u043e\u043a\u0430\u0437\u044b\u0432\u0430\u0442\u044c \u043f\u043e\u0434\u0434\u0435\u0440\u0436\u043a\u0443 \u043f\u0440\u043e\u0435\u043a\u0442\u0443 \u0433\u043e\u0440\u043e\u0434\u0441\u043a\u043e\u0433\u043e \u043f\u0440\u0435\u043e\u0431\u0440\u0430\u0437\u043e\u0432\u0430\u043d\u0438\u044f.<\/p>\n<\/div>\n<p>[\/vc_column_text]<\/div>[\/vc_column][vc_column css=&#187;.vc_custom_1488810407309{padding-top: 15px !important;padding-bottom: 50px !important;}&#187; offset=&#187;vc_col-lg-6 vc_col-md-6&#8243; el_class=&#187;custom-parallax-height&#187;][vc_single_image image=&#187;3084&#8243; img_size=&#187;full&#187; alignment=&#187;center&#187;][\/vc_column][\/vc_row]<\/p>\n<\/div>","protected":false},"excerpt":{"rendered":"<p>[vc_row wrap_container=&#187;yes&#187; is_section=&#187;yes&#187; remove_margin_top=&#187;yes&#187; remove_margin_bottom=&#187;yes&#187; remove_border=&#187;yes&#187; el_class=&#187;p-t-xxl row-align-items-center&#187; css=&#187;.vc_custom_1599479201965{background-color: #f4f4f4 !important;}&#187;][vc_column width=&#187;1\/2&#8243; offset=&#187;vc_col-md-offset-2 vc_col-md-4 vc_col-sm-offset-4&#8243; el_class=&#187;col-sm-8 offset-sm-5 mt-sm-5 pt-sm-5&#8243;][vc_single_image image=&#187;2568&#8243; img_size=&#187;full&#187; style=&#187;vc_box_border&#187; animation_delay=&#187;300&#8243; css_animation=&#187;none&#187; el_class=&#187;position-absolute d-none d-sm-block&#187; css=&#187;.vc_custom_1599482590057{margin-top: 10% !important;margin-left: -54% !important;}&#187; animation_type=&#187;zoomIn&#187;][vc_single_image image=&#187;3083&#8243; img_size=&#187;full&#187; style=&#187;vc_box_border&#187; animation_delay=&#187;100&#8243; el_class=&#187;position-absolute d-none d-sm-block&#187; css=&#187;.vc_custom_1600094664364{margin-top: -26% !important;margin-left: -33% !important;}&#187; animation_type=&#187;zoomIn&#187;][vc_single_image image=&#187;3082&#8243; img_size=&#187;full&#187; style=&#187;vc_box_border&#187; animation_delay=&#187;600&#8243; el_class=&#187;position-relative mb-0&#8243; animation_type=&#187;zoomIn&#187;][\/vc_column][vc_column offset=&#187;vc_col-md-6&#8243; el_class=&#187;pr-lg-5 [&hellip;]<\/p>\n","protected":false},"author":1,"featured_media":0,"parent":0,"menu_order":0,"comment_status":"closed","ping_status":"closed","template":"","meta":{"footnotes":""},"class_list":["post-55","page","type-page","status-publish","hentry"],"aioseo_notices":[],"_links":{"self":[{"href":"https:\/\/www.urkerchiller.com\/ru\/wp-json\/wp\/v2\/pages\/55","targetHints":{"allow":["GET"]}}],"collection":[{"href":"https:\/\/www.urkerchiller.com\/ru\/wp-json\/wp\/v2\/pages"}],"about":[{"href":"https:\/\/www.urkerchiller.com\/ru\/wp-json\/wp\/v2\/types\/page"}],"author":[{"embeddable":true,"href":"https:\/\/www.urkerchiller.com\/ru\/wp-json\/wp\/v2\/users\/1"}],"replies":[{"embeddable":true,"href":"https:\/\/www.urkerchiller.com\/ru\/wp-json\/wp\/v2\/comments?post=55"}],"version-history":[{"count":0,"href":"https:\/\/www.urkerchiller.com\/ru\/wp-json\/wp\/v2\/pages\/55\/revisions"}],"wp:attachment":[{"href":"https:\/\/www.urkerchiller.com\/ru\/wp-json\/wp\/v2\/media?parent=55"}],"curies":[{"name":"wp","href":"https:\/\/api.w.org\/{rel}","templated":true}]}}