{"id":73,"date":"2016-06-14T06:15:58","date_gmt":"2016-06-14T06:15:58","guid":{"rendered":"http:\/\/sw-themes.com\/porto_dummy\/?page_id=73"},"modified":"2025-12-30T13:22:25","modified_gmt":"2025-12-30T10:22:25","slug":"urker-chiller-iletisim","status":"publish","type":"page","link":"https:\/\/www.urkerchiller.com\/ru\/urker-chiller-iletisim\/","title":{"rendered":"\u041a\u043e\u043d\u0442\u0430\u043a\u0442\u044b"},"content":{"rendered":"<div class=\"wpb-content-wrapper\"><p>[vc_row full_width=&#187;stretch_row_content_no_spaces&#187;][vc_column]<div id='wrap_map_6a07be35c80c0' class='porto-map-wrapper porto-adjust-bottom-margin ' style='height:400px;'><div id='map_6a07be35c80c0' data-map_override='0' class='porto_google_map' style='width:100%;height:400px;'><\/div><\/div><script>\r\n( function() {\r\n\tvar porto_init_map = function() {\r\n\t\t( function( $ ) {\r\n\t\t\t'use strict';\r\n\t\t\tif (typeof google == 'undefined') {\r\n\t\t\t\treturn;\r\n\t\t\t}\r\n\t\t\tvar map_map_6a07be35c80c0 = null;\r\n\t\t\tvar coordinate_map_6a07be35c80c0;\r\n\t\t\ttry {\r\n\t\t\t\tcoordinate_map_6a07be35c80c0=new google.maps.LatLng(41.0908913, 28.7995491);\r\n\t\t\t\tvar isDraggable = $(document).width() > 640 ? true : true;\r\n\t\t\t\tvar mapOptions = {\r\n\t\t\t\t\tzoom: 18,\r\n\t\t\t\t\tcenter: coordinate_map_6a07be35c80c0,\r\n\t\t\t\t\tscaleControl: true,\r\n\t\t\t\t\tstreetViewControl: true,\r\n\t\t\t\t\tmapTypeControl: true,\r\n\t\t\t\t\tpanControl: true,\r\n\t\t\t\t\tzoomControl: true,\r\n\t\t\t\t\tscrollwheel: false,\r\n\t\t\t\t\tdraggable: isDraggable,\r\n\t\t\t\t\tzoomControlOptions: {\r\n\t\t\t\t\t\tposition: google.maps.ControlPosition.RIGHT_BOTTOM\r\n\t\t\t\t\t},mapTypeId: google.maps.MapTypeId.ROADMAP,};var map_map_6a07be35c80c0 = new google.maps.Map(document.getElementById('map_6a07be35c80c0'),mapOptions);\r\n\t\t\t\t\t\tvar x = 'off';\r\n\t\t\t\t\t\tvar marker_map_6a07be35c80c0 = new google.maps.Marker({\r\n\t\t\t\t\t\tposition: new google.maps.LatLng(41.0908913, 28.7995491),\r\n\t\t\t\t\t\tanimation:  google.maps.Animation.DROP,\r\n\t\t\t\t\t\tmap: map_map_6a07be35c80c0,\r\n\t\t\t\t\t\ticon: 'https:\/\/www.urkerchiller.com\/wp-content\/uploads\/2016\/06\/pin.png'\r\n\t\t\t\t\t});\r\n\t\t\t\t\tgoogle.maps.event.addListener(marker_map_6a07be35c80c0, 'click', toggleBounce);}\r\n\t\t\tcatch(e){};\r\n\t\t\tgoogle.maps.event.trigger(map_map_6a07be35c80c0, 'resize');\r\n\t\t\t$(window).on('resize', function(){\r\n\t\t\t\tgoogle.maps.event.trigger(map_map_6a07be35c80c0, 'resize');\r\n\t\t\t\tif(map_map_6a07be35c80c0!=null) {\r\n\t\t\t\t\tmap_map_6a07be35c80c0.setCenter(coordinate_map_6a07be35c80c0);\r\n\t\t\t\t}\r\n\t\t\t});\r\n\t\t\t$('.ui-tabs').on('tabsactivate', function(event, ui) {\r\n\t\t\t   if($(this).find('.porto-map-wrapper').length > 0)\r\n\t\t\t\t{\r\n\t\t\t\t\tsetTimeout(function(){\r\n\t\t\t\t\t\t$(window).trigger('resize');\r\n\t\t\t\t\t},200);\r\n\t\t\t\t}\r\n\t\t\t});\r\n\t\t\t$('.ui-accordion').on('accordionactivate', function(event, ui) {\r\n\t\t\t\tif($(this).find('.porto-map-wrapper').length > 0) {\r\n\t\t\t\t\tsetTimeout(function(){\r\n\t\t\t\t\t\t$(window).trigger('resize');\r\n\t\t\t\t\t},200);\r\n\t\t\t\t}\r\n\t\t\t});\r\n\t\t\t$(document).on('onPortoModalPopupOpen', function(){\r\n\t\t\t\tif($(map_map_6a07be35c80c0).parents('.porto_modal-content')) {\r\n\t\t\t\t\tsetTimeout(function(){\r\n\t\t\t\t\t\t$(window).trigger('resize');\r\n\t\t\t\t\t},200);\r\n\t\t\t\t}\r\n\t\t\t});\r\n\t\t\tfunction toggleBounce() {\r\n\t\t\t\tif (marker_map_6a07be35c80c0.getAnimation() != null) {\r\n\t\t\t\t\tmarker_map_6a07be35c80c0.setAnimation(null);\r\n\t\t\t\t} else {\r\n\t\t\t\t\tmarker_map_6a07be35c80c0.setAnimation(google.maps.Animation.BOUNCE);\r\n\t\t\t\t}\r\n\t\t\t}\r\n\t\t} )( window.jQuery );\r\n\t};\r\n\r\n\tif ( window.jQuery ) {\r\n\t\tjQuery( document ).ready(function() {\r\n\t\t\tporto_init_map();\r\n\t\t} );\r\n\t} else {\r\n\t\tdocument.addEventListener( 'DOMContentLoaded', porto_init_map );\r\n\t}\r\n\r\n\twindow.addEventListener( 'load', function() {\r\n\t\tsetTimeout( function() {\r\n\t\t\tjQuery( window ).trigger( 'resize' );\r\n\t\t}, 200 );\r\n\t} );\r\n} )();\r\n<\/script>[\/vc_column][\/vc_row][vc_row wrap_container=&#187;yes&#187; el_class=&#187;m-b-xl&#187;][vc_column width=&#187;1\/2&#8243;][vc_custom_heading text=&#187;\u0424\u043e\u0440\u043c\u0430 <strong>\u043e\u0431\u0440\u0430\u0442\u043d\u043e\u0439 \u0441\u0432\u044f\u0437\u0438<\/strong>&#187; font_container=&#187;tag:h4|text_align:left&#187; use_theme_fonts=&#187;yes&#187; skin=&#187;dark&#187;][vc_column_text]<\/p>\n<p style=\"text-align: left;\">\u0414\u043b\u044f \u043f\u043e\u043b\u0443\u0447\u0435\u043d\u0438\u044f \u0434\u043e\u043f\u043e\u043b\u043d\u0438\u0442\u0435\u043b\u044c\u043d\u043e\u0439 \u0438\u043d\u0444\u043e\u0440\u043c\u0430\u0446\u0438\u0438 \u043e \u00dcrker Chiller, \u043f\u043e\u0436\u0430\u043b\u0443\u0439\u0441\u0442\u0430, \u0437\u0430\u043f\u043e\u043b\u043d\u0438\u0442\u0435 \u043d\u0438\u0436\u0435 \u0443\u043a\u0430\u0437\u0430\u043d\u043d\u0443\u044e \u0444\u043e\u0440\u043c\u0443.<br \/>\n\u0412\u044b \u043f\u043e\u043b\u0443\u0447\u0438\u0442\u0435 \u043e\u0442\u0432\u0435\u0442 \u0432 \u0441\u0430\u043c\u043e\u0435 \u043a\u043e\u0440\u043e\u0442\u043a\u043e\u0435 \u0432\u0440\u0435\u043c\u044f.<\/p>\n<p>[\/vc_column_text]\n<div class=\"wpcf7 no-js\" id=\"wpcf7-f3618-o3\" lang=\"en-US\" dir=\"ltr\" data-wpcf7-id=\"3618\">\n<div class=\"screen-reader-response\"><p role=\"status\" aria-live=\"polite\" aria-atomic=\"true\"><\/p> <ul><\/ul><\/div>\n<form action=\"\/ru\/wp-json\/wp\/v2\/pages\/73#wpcf7-f3618-o3\" method=\"post\" class=\"wpcf7-form init\" aria-label=\"Contact form\" novalidate=\"novalidate\" data-status=\"init\">\n<fieldset class=\"hidden-fields-container\"><input type=\"hidden\" name=\"_wpcf7\" value=\"3618\" \/><input type=\"hidden\" name=\"_wpcf7_version\" value=\"6.1.4\" \/><input type=\"hidden\" name=\"_wpcf7_locale\" value=\"en_US\" \/><input type=\"hidden\" name=\"_wpcf7_unit_tag\" value=\"wpcf7-f3618-o3\" \/><input type=\"hidden\" name=\"_wpcf7_container_post\" value=\"0\" \/><input type=\"hidden\" name=\"_wpcf7_posted_data_hash\" value=\"\" \/>\n<\/fieldset>\n<div class=\"row form-row\">\n    <div class=\"col-lg-6\">\n        <div class=\"form-group\">\n            <label for=\"contact-name\" class=\"font-weight-bold text-dark\">\u0418\u043c\u044f \u0424\u0430\u043c\u0438\u043b\u0438\u044f *<\/label>\n            <span class=\"wpcf7-form-control-wrap\" data-name=\"your-name\"><input size=\"40\" maxlength=\"400\" class=\"wpcf7-form-control wpcf7-text wpcf7-validates-as-required form-control\" aria-required=\"true\" aria-invalid=\"false\" value=\"\" type=\"text\" name=\"your-name\" \/><\/span>\n        <\/div>\n    <\/div>\n    <div class=\"col-lg-6\">\n        <div class=\"form-group\">\n            <label for=\"contact-email\" class=\"font-weight-bold text-dark\">\u0410\u0434\u0440\u0435\u0441 \u044d\u043b\u0435\u043a\u0442\u0440\u043e\u043d\u043d\u043e\u0439 \u043f\u043e\u0447\u0442\u044b *<\/label>\n            <span class=\"wpcf7-form-control-wrap\" data-name=\"your-email\"><input size=\"40\" maxlength=\"400\" class=\"wpcf7-form-control wpcf7-email wpcf7-validates-as-required wpcf7-text wpcf7-validates-as-email form-control\" aria-required=\"true\" aria-invalid=\"false\" value=\"\" type=\"email\" name=\"your-email\" \/><\/span>\n        <\/div>\n    <\/div>\n    <div class=\"col-lg-12\">\n        <div class=\"form-group\">\n            <label for=\"contact-subject\" class=\"font-weight-bold text-dark\">\u0442\u0435\u043c\u0430<\/label>\n            <span class=\"wpcf7-form-control-wrap\" data-name=\"your-subject\"><input size=\"40\" maxlength=\"400\" class=\"wpcf7-form-control wpcf7-text form-control\" aria-invalid=\"false\" value=\"\" type=\"text\" name=\"your-subject\" \/><\/span>\n        <\/div>\n    <\/div>\n    <div class=\"col-lg-12\">\n        <div class=\"form-group\">\n            <label for=\"contact-message\" class=\"font-weight-bold text-dark\">\u0412\u0430\u0448\u0435 \u0441\u043e\u043e\u0431\u0449\u0435\u043d\u0438\u0435<\/label>\n            <span class=\"wpcf7-form-control-wrap\" data-name=\"your-message\"><textarea cols=\"40\" rows=\"10\" maxlength=\"2000\" class=\"wpcf7-form-control wpcf7-textarea form-control\" aria-invalid=\"false\" name=\"your-message\"><\/textarea><\/span>\n        <\/div>\n    <\/div>\n<div class=\"col-lg-12\">\n        <label for=\"contact-captcha\" class=\"font-weight-bold text-dark\">\u041d\u043e\u043c\u0435\u0440\u0430 \u0442\u0438\u043f\u043e\u0432 *<\/label>\n    <\/div>\n    <div class=\"col-lg-8\">\n        <div class=\"form-group\">\n            <span class=\"wpcf7-form-control-wrap\" data-name=\"your-captcha\"><input size=\"40\" class=\"wpcf7-form-control wpcf7-captchar form-control\" autocomplete=\"off\" aria-invalid=\"false\" value=\"\" type=\"text\" name=\"your-captcha\" \/><\/span>\n        <\/div>\n    <\/div>\n    <div class=\"col-lg-4\">\n        <div class=\"form-group\">\n            <input type=\"hidden\" name=\"_wpcf7_captcha_challenge_your-captcha\" value=\"3058339442\" \/><img loading=\"lazy\" decoding=\"async\" class=\"wpcf7-form-control wpcf7-captchac wpcf7-captcha-your-captcha\" width=\"72\" height=\"24\" alt=\"captcha\" src=\"https:\/\/www.urkerchiller.com\/wp-content\/uploads\/wpcf7_captcha\/3058339442.png\" \/>\n        <\/div>\n    <\/div>\n    <hr>    \n<div class=\"col-lg-12\">\n        <div class=\"form-group\">\n            <input class=\"wpcf7-form-control wpcf7-submit has-spinner btn btn-primary btn-modern\" type=\"submit\" value=\"\u041e\u0442\u043f\u0440\u0430\u0432\u0438\u0442\u044c \u0441\u043e\u043e\u0431\u0449\u0435\u043d\u0438\u0435\" \/>\n        <\/div>\n    <\/div>\n<\/div><div class=\"wpcf7-response-output\" aria-hidden=\"true\"><\/div>\n<\/form>\n<\/div>\n[\/vc_column][vc_column width=&#187;1\/2&#8243; el_class=&#187;info-box-small&#187;][vc_custom_heading text=&#187;\u0421\u0432\u044f\u0437\u0430\u0442\u044c\u0441\u044f <strong>\u0441 \u043d\u0430\u043c\u0438<\/strong>&#187; font_container=&#187;tag:h4|text_align:left&#187; use_theme_fonts=&#187;yes&#187; skin=&#187;dark&#187;]<div class=\"porto-sicon-box  wpb_custom_991192e517ba80822b25b68bbbc51b14 style_1 default-icon\"><div class=\"porto-sicon-default\"><div class=\"porto-just-icon-wrapper porto-icon advanced\" style=\"color:#0088cc;border-style:solid;border-color:#0088cc;border-width:1px;width:25px;height:25px;line-height:25px;border-radius:25px;font-size:12px;\"><i class=\"fas fa-map-marker-alt\"><\/i><\/div><\/div><div class=\"porto-sicon-header\"><p><strong> \u0410\u0434\u0440\u0435\u0441:<\/strong> \u0130kitelli OSB Mahallesi Pik D\u00f6k\u00fcmc\u00fcler Sanayi Sitesi Sokak Tem 34 \u0130kitelli No:27 \u0130\u00e7 Kap\u0131 No:170, 34490 Ba\u015fak\u015fehir\/\u0130stanbul - Turkey<\/p><\/div> <!-- header --><\/div><!-- porto-sicon-box --><div class=\"porto-sicon-box  wpb_custom_991192e517ba80822b25b68bbbc51b14 style_1 default-icon\"><div class=\"porto-sicon-default\"><div class=\"porto-just-icon-wrapper porto-icon advanced\" style=\"color:#0088cc;border-style:solid;border-color:#0088cc;border-width:1px;width:25px;height:25px;line-height:25px;border-radius:25px;font-size:12px;\"><i class=\"fas fa-phone\"><\/i><\/div><\/div><div class=\"porto-sicon-header\"><p><strong>\u0422\u0435\u043b\u0435\u0444\u043e\u043d<\/strong>: +90 212 501 48 67<\/p><\/div> <!-- header --><\/div><!-- porto-sicon-box --><div class=\"porto-sicon-box  wpb_custom_991192e517ba80822b25b68bbbc51b14 style_1 default-icon\"><div class=\"porto-sicon-default\"><div class=\"porto-just-icon-wrapper porto-icon advanced\" style=\"color:#0088cc;border-style:solid;border-color:#0088cc;border-width:1px;width:25px;height:25px;line-height:25px;border-radius:25px;font-size:12px;\"><i class=\"fas fa-phone\"><\/i><\/div><\/div><div class=\"porto-sicon-header\"><p><strong>\u0422\u0435\u043b\u0435\u0444\u043e\u043d<\/strong>: +90 212 576 30 53<\/p><\/div> <!-- header --><\/div><!-- porto-sicon-box --><div class=\"porto-sicon-box  wpb_custom_991192e517ba80822b25b68bbbc51b14 style_1 default-icon\"><div class=\"porto-sicon-default\"><div class=\"porto-just-icon-wrapper porto-icon advanced\" style=\"color:#0088cc;border-style:solid;border-color:#0088cc;border-width:1px;width:25px;height:25px;line-height:25px;border-radius:25px;font-size:12px;\"><i class=\"fas fa-mobile-alt\"><\/i><\/div><\/div><div class=\"porto-sicon-header\"><p><strong>GSM<\/strong>: +90 554 498 76 87<\/p><\/div> <!-- header --><\/div><!-- porto-sicon-box --><div class=\"porto-sicon-box  wpb_custom_991192e517ba80822b25b68bbbc51b14 style_1 default-icon\"><div class=\"porto-sicon-default\"><div class=\"porto-just-icon-wrapper porto-icon advanced\" style=\"color:#0088cc;border-style:solid;border-color:#0088cc;border-width:1px;width:25px;height:25px;line-height:25px;border-radius:25px;font-size:12px;\"><i class=\"fas fa-envelope\"><\/i><\/div><\/div><div class=\"porto-sicon-header\"><p><strong>\u0410\u0434\u0440\u0435\u0441 \u044d\u043b\u0435\u043a\u0442\u0440\u043e\u043d\u043d\u043e\u0439 \u043f\u043e\u0447\u0442\u044b<\/strong>: info@urkerchiller.com<\/p><\/div> <!-- header --><\/div><!-- porto-sicon-box -->[vc_btn title=&#187;\u041d\u0410\u041f\u0420\u0410\u0412\u041b\u0415\u041d\u0418\u042f&#187; style=&#187;flat&#187; skin=&#187;secondary&#187; btn_fw=&#187;700&#8243; btn_arrow=&#187;yes&#187; link=&#187;url:https%3A%2F%2Fwww.google.com.tr%2Fmaps%2Fdir%2F%2F%25C3%259Crker%2BChiller%2C%2BYenido%25C4%259Fan%2BMahallesi%2BHaseki%2BSultan%2BSokak%2BG%25C3%25BCnta%25C5%259F%2BSanayi%2BSitesi%2C%2BC%2BBlok%2BSk.%2BNo%3A6%2BD%3AZ13%2C%2B34030%2BBayrampa%25C5%259Fa%2F%4041.0441155%2C28.9134718%2C17z%2Fdata%3D!4m8!4m7!1m0!1m5!1m1!1s0x14cabbdb782a75b3%3A0x1761ae7fb46bcb05!2m2!1d28.9156605!2d41.0441155%3Fhl%3Dtr|target:_blank&#187;][\/vc_column][\/vc_row]<\/p>\n<\/div>","protected":false},"excerpt":{"rendered":"<p>[vc_row full_width=&#187;stretch_row_content_no_spaces&#187;][vc_column][\/vc_column][\/vc_row][vc_row wrap_container=&#187;yes&#187; el_class=&#187;m-b-xl&#187;][vc_column width=&#187;1\/2&#8243;][vc_custom_heading text=&#187;\u0424\u043e\u0440\u043c\u0430 \u043e\u0431\u0440\u0430\u0442\u043d\u043e\u0439 \u0441\u0432\u044f\u0437\u0438&#187; font_container=&#187;tag:h4|text_align:left&#187; use_theme_fonts=&#187;yes&#187; skin=&#187;dark&#187;][vc_column_text] \u0414\u043b\u044f \u043f\u043e\u043b\u0443\u0447\u0435\u043d\u0438\u044f \u0434\u043e\u043f\u043e\u043b\u043d\u0438\u0442\u0435\u043b\u044c\u043d\u043e\u0439 \u0438\u043d\u0444\u043e\u0440\u043c\u0430\u0446\u0438\u0438 \u043e \u00dcrker Chiller, \u043f\u043e\u0436\u0430\u043b\u0443\u0439\u0441\u0442\u0430, \u0437\u0430\u043f\u043e\u043b\u043d\u0438\u0442\u0435 \u043d\u0438\u0436\u0435 \u0443\u043a\u0430\u0437\u0430\u043d\u043d\u0443\u044e \u0444\u043e\u0440\u043c\u0443. \u0412\u044b \u043f\u043e\u043b\u0443\u0447\u0438\u0442\u0435 \u043e\u0442\u0432\u0435\u0442 \u0432 \u0441\u0430\u043c\u043e\u0435 \u043a\u043e\u0440\u043e\u0442\u043a\u043e\u0435 \u0432\u0440\u0435\u043c\u044f. [\/vc_column_text][\/vc_column][vc_column width=&#187;1\/2&#8243; el_class=&#187;info-box-small&#187;][vc_custom_heading text=&#187;\u0421\u0432\u044f\u0437\u0430\u0442\u044c\u0441\u044f \u0441 \u043d\u0430\u043c\u0438&#187; font_container=&#187;tag:h4|text_align:left&#187; use_theme_fonts=&#187;yes&#187; skin=&#187;dark&#187;][vc_btn title=&#187;\u041d\u0410\u041f\u0420\u0410\u0412\u041b\u0415\u041d\u0418\u042f&#187; style=&#187;flat&#187; skin=&#187;secondary&#187; btn_fw=&#187;700&#8243; btn_arrow=&#187;yes&#187; link=&#187;url:https%3A%2F%2Fwww.google.com.tr%2Fmaps%2Fdir%2F%2F%25C3%259Crker%2BChiller%2C%2BYenido%25C4%259Fan%2BMahallesi%2BHaseki%2BSultan%2BSokak%2BG%25C3%25BCnta%25C5%259F%2BSanayi%2BSitesi%2C%2BC%2BBlok%2BSk.%2BNo%3A6%2BD%3AZ13%2C%2B34030%2BBayrampa%25C5%259Fa%2F%4041.0441155%2C28.9134718%2C17z%2Fdata%3D!4m8!4m7!1m0!1m5!1m1!1s0x14cabbdb782a75b3%3A0x1761ae7fb46bcb05!2m2!1d28.9156605!2d41.0441155%3Fhl%3Dtr|target:_blank&#187;][\/vc_column][\/vc_row]<\/p>\n","protected":false},"author":1,"featured_media":0,"parent":0,"menu_order":0,"comment_status":"closed","ping_status":"closed","template":"","meta":{"footnotes":""},"class_list":["post-73","page","type-page","status-publish","hentry"],"aioseo_notices":[],"_links":{"self":[{"href":"https:\/\/www.urkerchiller.com\/ru\/wp-json\/wp\/v2\/pages\/73","targetHints":{"allow":["GET"]}}],"collection":[{"href":"https:\/\/www.urkerchiller.com\/ru\/wp-json\/wp\/v2\/pages"}],"about":[{"href":"https:\/\/www.urkerchiller.com\/ru\/wp-json\/wp\/v2\/types\/page"}],"author":[{"embeddable":true,"href":"https:\/\/www.urkerchiller.com\/ru\/wp-json\/wp\/v2\/users\/1"}],"replies":[{"embeddable":true,"href":"https:\/\/www.urkerchiller.com\/ru\/wp-json\/wp\/v2\/comments?post=73"}],"version-history":[{"count":3,"href":"https:\/\/www.urkerchiller.com\/ru\/wp-json\/wp\/v2\/pages\/73\/revisions"}],"predecessor-version":[{"id":3945,"href":"https:\/\/www.urkerchiller.com\/ru\/wp-json\/wp\/v2\/pages\/73\/revisions\/3945"}],"wp:attachment":[{"href":"https:\/\/www.urkerchiller.com\/ru\/wp-json\/wp\/v2\/media?parent=73"}],"curies":[{"name":"wp","href":"https:\/\/api.w.org\/{rel}","templated":true}]}}